{"id":615,"date":"2025-11-11T14:58:47","date_gmt":"2025-11-11T14:58:47","guid":{"rendered":"https:\/\/koshnica-axh.com\/?page_id=615"},"modified":"2025-12-05T15:04:06","modified_gmt":"2025-12-05T15:04:06","slug":"modern-villa-durres","status":"publish","type":"page","link":"https:\/\/koshnica-axh.com\/sq\/modern-villa-durres\/","title":{"rendered":"Vil\u00eb Luksoze Moderne, Durr\u00ebs"},"content":{"rendered":"<div data-elementor-type=\"wp-page\" data-elementor-id=\"615\" class=\"elementor elementor-615\" data-elementor-post-type=\"page\">\n\t\t\t\t<div class=\"elementor-element elementor-element-bdcdb83 e-con-full e-flex e-con e-parent\" data-id=\"bdcdb83\" data-element_type=\"container\" data-e-type=\"container\">\n\t\t<div class=\"elementor-element elementor-element-1a48e87d e-con-full e-flex e-con e-child\" data-id=\"1a48e87d\" data-element_type=\"container\" data-e-type=\"container\">\n\t\t\t\t<div class=\"elementor-element elementor-element-185a8532 elementor-widget elementor-widget-heading\" data-id=\"185a8532\" data-element_type=\"widget\" data-e-type=\"widget\" data-widget_type=\"heading.default\">\n\t\t\t\t\t<h2 class=\"elementor-heading-title elementor-size-default\">Vil\u00eb Luksoze Moderne, Durr\u00ebs<\/h2>\t\t\t\t<\/div>\n\t\t\t\t<div class=\"elementor-element elementor-element-2f47a094 elementor-widget elementor-widget-heading\" data-id=\"2f47a094\" data-element_type=\"widget\" data-e-type=\"widget\" data-widget_type=\"heading.default\">\n\t\t\t\t\t<span class=\"elementor-heading-title elementor-size-default\">Nd\u00ebrtuar nga Koshnica A&amp;XH<\/span>\t\t\t\t<\/div>\n\t\t\t\t<\/div>\n\t\t\t\t<div class=\"elementor-element elementor-element-811b8f0 elementor-widget elementor-widget-gallery\" data-id=\"811b8f0\" data-element_type=\"widget\" data-e-type=\"widget\" data-settings=\"{&quot;columns&quot;:3,&quot;aspect_ratio&quot;:&quot;1:1&quot;,&quot;lazyload&quot;:&quot;yes&quot;,&quot;gallery_layout&quot;:&quot;grid&quot;,&quot;columns_tablet&quot;:2,&quot;columns_mobile&quot;:1,&quot;gap&quot;:{&quot;unit&quot;:&quot;px&quot;,&quot;size&quot;:10,&quot;sizes&quot;:[]},&quot;gap_tablet&quot;:{&quot;unit&quot;:&quot;px&quot;,&quot;size&quot;:10,&quot;sizes&quot;:[]},&quot;gap_mobile&quot;:{&quot;unit&quot;:&quot;px&quot;,&quot;size&quot;:10,&quot;sizes&quot;:[]},&quot;link_to&quot;:&quot;file&quot;,&quot;overlay_background&quot;:&quot;yes&quot;,&quot;content_hover_animation&quot;:&quot;fade-in&quot;}\" data-widget_type=\"gallery.default\">\n\t\t\t\t\t\t\t<div class=\"elementor-gallery__container\">\n\t\t\t\t\t\t\t<a class=\"e-gallery-item elementor-gallery-item elementor-animated-content\" href=\"https:\/\/koshnica-axh.com\/wp-content\/uploads\/2025\/11\/DSC6433-scaled.jpg\" data-elementor-open-lightbox=\"yes\" data-elementor-lightbox-slideshow=\"811b8f0\" data-elementor-lightbox-title=\"_DSC6433\" data-e-action-hash=\"#elementor-action%3Aaction%3Dlightbox%26settings%3DeyJpZCI6NTc5LCJ1cmwiOiJodHRwczpcL1wva29zaG5pY2EtYXhoLmNvbVwvd3AtY29udGVudFwvdXBsb2Fkc1wvMjAyNVwvMTFcL0RTQzY0MzMtc2NhbGVkLmpwZyIsInNsaWRlc2hvdyI6IjgxMWI4ZjAifQ%3D%3D\">\n\t\t\t\t\t<div class=\"e-gallery-image elementor-gallery-item__image\" data-thumbnail=\"https:\/\/koshnica-axh.com\/wp-content\/uploads\/2025\/11\/DSC6433-scaled.jpg\" data-width=\"2560\" data-height=\"1707\" aria-label=\"\" role=\"img\" ><\/div>\n\t\t\t\t\t\t\t\t\t\t\t<div class=\"elementor-gallery-item__overlay\"><\/div>\n\t\t\t\t\t\t\t\t\t\t\t\t\t\t<\/a>\n\t\t\t\t\t\t\t<a class=\"e-gallery-item elementor-gallery-item elementor-animated-content\" href=\"https:\/\/koshnica-axh.com\/wp-content\/uploads\/2025\/11\/DSC6409-scaled.jpg\" data-elementor-open-lightbox=\"yes\" data-elementor-lightbox-slideshow=\"811b8f0\" data-elementor-lightbox-title=\"_DSC6409\" data-e-action-hash=\"#elementor-action%3Aaction%3Dlightbox%26settings%3DeyJpZCI6NTg3LCJ1cmwiOiJodHRwczpcL1wva29zaG5pY2EtYXhoLmNvbVwvd3AtY29udGVudFwvdXBsb2Fkc1wvMjAyNVwvMTFcL0RTQzY0MDktc2NhbGVkLmpwZyIsInNsaWRlc2hvdyI6IjgxMWI4ZjAifQ%3D%3D\">\n\t\t\t\t\t<div class=\"e-gallery-image elementor-gallery-item__image\" data-thumbnail=\"https:\/\/koshnica-axh.com\/wp-content\/uploads\/2025\/11\/DSC6409-scaled.jpg\" data-width=\"1707\" data-height=\"2560\" aria-label=\"\" role=\"img\" ><\/div>\n\t\t\t\t\t\t\t\t\t\t\t<div class=\"elementor-gallery-item__overlay\"><\/div>\n\t\t\t\t\t\t\t\t\t\t\t\t\t\t<\/a>\n\t\t\t\t\t\t\t<a class=\"e-gallery-item elementor-gallery-item elementor-animated-content\" href=\"https:\/\/koshnica-axh.com\/wp-content\/uploads\/2025\/11\/DSC6412-scaled.jpg\" data-elementor-open-lightbox=\"yes\" data-elementor-lightbox-slideshow=\"811b8f0\" data-elementor-lightbox-title=\"_DSC6412\" data-e-action-hash=\"#elementor-action%3Aaction%3Dlightbox%26settings%3DeyJpZCI6NTg2LCJ1cmwiOiJodHRwczpcL1wva29zaG5pY2EtYXhoLmNvbVwvd3AtY29udGVudFwvdXBsb2Fkc1wvMjAyNVwvMTFcL0RTQzY0MTItc2NhbGVkLmpwZyIsInNsaWRlc2hvdyI6IjgxMWI4ZjAifQ%3D%3D\">\n\t\t\t\t\t<div class=\"e-gallery-image elementor-gallery-item__image\" data-thumbnail=\"https:\/\/koshnica-axh.com\/wp-content\/uploads\/2025\/11\/DSC6412-scaled.jpg\" data-width=\"2560\" data-height=\"1707\" aria-label=\"\" role=\"img\" ><\/div>\n\t\t\t\t\t\t\t\t\t\t\t<div class=\"elementor-gallery-item__overlay\"><\/div>\n\t\t\t\t\t\t\t\t\t\t\t\t\t\t<\/a>\n\t\t\t\t\t\t\t<a class=\"e-gallery-item elementor-gallery-item elementor-animated-content\" href=\"https:\/\/koshnica-axh.com\/wp-content\/uploads\/2025\/11\/DSC6427-scaled.jpg\" data-elementor-open-lightbox=\"yes\" data-elementor-lightbox-slideshow=\"811b8f0\" data-elementor-lightbox-title=\"_DSC6427\" data-e-action-hash=\"#elementor-action%3Aaction%3Dlightbox%26settings%3DeyJpZCI6NTgyLCJ1cmwiOiJodHRwczpcL1wva29zaG5pY2EtYXhoLmNvbVwvd3AtY29udGVudFwvdXBsb2Fkc1wvMjAyNVwvMTFcL0RTQzY0Mjctc2NhbGVkLmpwZyIsInNsaWRlc2hvdyI6IjgxMWI4ZjAifQ%3D%3D\">\n\t\t\t\t\t<div class=\"e-gallery-image elementor-gallery-item__image\" data-thumbnail=\"https:\/\/koshnica-axh.com\/wp-content\/uploads\/2025\/11\/DSC6427-scaled.jpg\" data-width=\"2560\" data-height=\"1707\" aria-label=\"\" role=\"img\" ><\/div>\n\t\t\t\t\t\t\t\t\t\t\t<div class=\"elementor-gallery-item__overlay\"><\/div>\n\t\t\t\t\t\t\t\t\t\t\t\t\t\t<\/a>\n\t\t\t\t\t\t\t<a class=\"e-gallery-item elementor-gallery-item elementor-animated-content\" href=\"https:\/\/koshnica-axh.com\/wp-content\/uploads\/2025\/11\/DSC6429-scaled.jpg\" data-elementor-open-lightbox=\"yes\" data-elementor-lightbox-slideshow=\"811b8f0\" data-elementor-lightbox-title=\"_DSC6429\" data-e-action-hash=\"#elementor-action%3Aaction%3Dlightbox%26settings%3DeyJpZCI6NTgxLCJ1cmwiOiJodHRwczpcL1wva29zaG5pY2EtYXhoLmNvbVwvd3AtY29udGVudFwvdXBsb2Fkc1wvMjAyNVwvMTFcL0RTQzY0Mjktc2NhbGVkLmpwZyIsInNsaWRlc2hvdyI6IjgxMWI4ZjAifQ%3D%3D\">\n\t\t\t\t\t<div class=\"e-gallery-image elementor-gallery-item__image\" data-thumbnail=\"https:\/\/koshnica-axh.com\/wp-content\/uploads\/2025\/11\/DSC6429-scaled.jpg\" data-width=\"2560\" data-height=\"1707\" aria-label=\"\" role=\"img\" ><\/div>\n\t\t\t\t\t\t\t\t\t\t\t<div class=\"elementor-gallery-item__overlay\"><\/div>\n\t\t\t\t\t\t\t\t\t\t\t\t\t\t<\/a>\n\t\t\t\t\t\t\t<a class=\"e-gallery-item elementor-gallery-item elementor-animated-content\" href=\"https:\/\/koshnica-axh.com\/wp-content\/uploads\/2025\/11\/DSC6431-scaled.jpg\" data-elementor-open-lightbox=\"yes\" data-elementor-lightbox-slideshow=\"811b8f0\" data-elementor-lightbox-title=\"_DSC6431\" data-e-action-hash=\"#elementor-action%3Aaction%3Dlightbox%26settings%3DeyJpZCI6NTgwLCJ1cmwiOiJodHRwczpcL1wva29zaG5pY2EtYXhoLmNvbVwvd3AtY29udGVudFwvdXBsb2Fkc1wvMjAyNVwvMTFcL0RTQzY0MzEtc2NhbGVkLmpwZyIsInNsaWRlc2hvdyI6IjgxMWI4ZjAifQ%3D%3D\">\n\t\t\t\t\t<div class=\"e-gallery-image elementor-gallery-item__image\" data-thumbnail=\"https:\/\/koshnica-axh.com\/wp-content\/uploads\/2025\/11\/DSC6431-scaled.jpg\" data-width=\"2560\" data-height=\"1707\" aria-label=\"\" role=\"img\" ><\/div>\n\t\t\t\t\t\t\t\t\t\t\t<div class=\"elementor-gallery-item__overlay\"><\/div>\n\t\t\t\t\t\t\t\t\t\t\t\t\t\t<\/a>\n\t\t\t\t\t<\/div>\n\t\t\t\t\t<\/div>\n\t\t\t\t<\/div>\n\t\t<div class=\"elementor-element elementor-element-1cba9ba e-con-full e-flex e-con e-parent\" data-id=\"1cba9ba\" data-element_type=\"container\" data-e-type=\"container\" data-settings=\"{&quot;background_background&quot;:&quot;classic&quot;}\">\n\t\t<div class=\"elementor-element elementor-element-449f133c e-con-full e-flex e-con e-child\" data-id=\"449f133c\" data-element_type=\"container\" data-e-type=\"container\">\n\t\t<div class=\"elementor-element elementor-element-3a62e9f3 e-con-full e-flex e-con e-child\" data-id=\"3a62e9f3\" data-element_type=\"container\" data-e-type=\"container\" data-settings=\"{&quot;background_background&quot;:&quot;classic&quot;}\">\n\t\t\t\t<div class=\"elementor-element elementor-element-25141307 elementor-widget__width-initial elementor-widget-mobile__width-initial elementor-widget elementor-widget-text-editor\" data-id=\"25141307\" data-element_type=\"widget\" data-e-type=\"widget\" data-widget_type=\"text-editor.default\">\n\t\t\t\t\t\t\t\t\t<p>E vendosur n\u00eb Durr\u00ebs, Vila Moderne Durr\u00ebs \u00ebsht\u00eb nj\u00eb projekt rezidencial bashk\u00ebkohor q\u00eb mish\u00ebron minimalizmin, gjeometrin\u00eb e rafinuar dhe komoditetin \u2014 i projektuar dhe nd\u00ebrtuar nga Koshnica A&amp;XH.<\/p>\t\t\t\t\t\t\t\t<\/div>\n\t\t\t\t<div class=\"elementor-element elementor-element-61e580aa elementor-widget elementor-widget-text-editor\" data-id=\"61e580aa\" data-element_type=\"widget\" data-e-type=\"widget\" data-widget_type=\"text-editor.default\">\n\t\t\t\t\t\t\t\t\t<p data-start=\"468\" data-end=\"490\"><strong data-start=\"468\" data-end=\"488\">Detajet e Projektit:<\/strong><\/p><ul data-start=\"491\" data-end=\"687\"><li data-start=\"491\" data-end=\"525\"><p data-start=\"493\" data-end=\"525\"><strong data-start=\"493\" data-end=\"506\">Nd\u00ebrtuar nga:<\/strong> Koshnica A&amp;XH<\/p><\/li><li data-start=\"526\" data-end=\"570\"><p data-start=\"528\" data-end=\"570\"><strong data-start=\"528\" data-end=\"551\">Viti i p\u00ebrfundimit:<\/strong> <em data-start=\"552\" data-end=\"568\">2024<\/em><\/p><\/li><li data-start=\"571\" data-end=\"604\"><p data-start=\"573\" data-end=\"604\"><strong data-start=\"573\" data-end=\"586\">Vendndodhja:<\/strong> Durr\u00ebs, Albania<\/p><\/li><li data-start=\"605\" data-end=\"646\"><p data-start=\"607\" data-end=\"646\"><strong data-start=\"607\" data-end=\"622\">Sip\u00ebrfaqja totale: <\/strong>400 m\u00b2<\/p><\/li><\/ul>\t\t\t\t\t\t\t\t<\/div>\n\t\t\t\t<\/div>\n\t\t<div class=\"elementor-element elementor-element-15058d7e e-con-full e-flex e-con e-child\" data-id=\"15058d7e\" data-element_type=\"container\" data-e-type=\"container\" data-settings=\"{&quot;background_background&quot;:&quot;classic&quot;}\">\n\t\t\t\t<div class=\"elementor-element elementor-element-4588c3e elementor-widget elementor-widget-text-editor\" data-id=\"4588c3e\" data-element_type=\"widget\" data-e-type=\"widget\" data-widget_type=\"text-editor.default\">\n\t\t\t\t\t\t\t\t\t<p data-start=\"689\" data-end=\"1021\">Vila Moderne Durr\u00ebs shfaq nj\u00eb gjuh\u00eb arkitekturore t\u00eb past\u00ebr, t\u00eb p\u00ebrcaktuar nga format lineare dhe v\u00ebllimet gjeometrike. Fasada kombinon tone t\u00eb buta t\u00eb bardha dhe bezh\u00eb me thekse kontrastuese m\u00eb t\u00eb err\u00ebta, duke krijuar nj\u00eb kompozicion vizual t\u00eb balancuar. Dizajni thekson qart\u00ebsin\u00eb, thjesht\u00ebsin\u00eb dhe integrimin e pand\u00ebrprer\u00eb midis hap\u00ebsirave t\u00eb brendshme dhe t\u00eb jashtme.<\/p><p data-start=\"1023\" data-end=\"1384\">Vila ofron nj\u00eb jetes\u00eb t\u00eb gjer\u00eb n\u00eb ambiente t\u00eb jashtme, me ballkone t\u00eb shumta dhe nj\u00eb tarrac\u00eb t\u00eb sip\u00ebrme t\u00eb bollshme e rrethuar nga parmak\u00eb metalik\u00eb t\u00eb err\u00ebt \u2014 ideale p\u00ebr relaksim, arg\u00ebtim ose shijimin e mjedisit natyror. N\u00eb nivelin e tok\u00ebs, nj\u00eb zon\u00eb e dedikuar ndenjeje, e mobiluar me elemente salloni n\u00eb natyr\u00eb, \u00e7adra dhe gjelb\u00ebrim, krijon nj\u00eb oaz\u00eb private p\u00ebr takime sociale.<\/p><p data-start=\"1386\" data-end=\"1687\">Dritaret e m\u00ebdha nga dyshemeja n\u00eb tavan dhe dyert panoramike prej xhami maksimizojn\u00eb drit\u00ebn natyrale dhe bashkojn\u00eb vizualisht hap\u00ebsirat e brendshme me peizazhin e jasht\u00ebm. Lidhja midis natyr\u00ebs dhe arkitektur\u00ebs p\u00ebrforcohet nga nj\u00eb oborr ballor i peizazhuar, duke shtuar freski dhe nj\u00eb ndjenj\u00eb hapjeje n\u00eb p\u00ebrvoj\u00ebn e hyrjes.<\/p><p data-start=\"1689\" data-end=\"1974\">Element\u00eb t\u00eb ve\u00e7ant\u00eb t\u00eb dizajnit, si shkall\u00ebt e ndri\u00e7uara nga jasht\u00eb dhe nj\u00eb element modern oxhaku, p\u00ebrforcojn\u00eb identitetin bashk\u00ebkohor t\u00eb vil\u00ebs. Nj\u00eb mur rrethues perimetral dhe nj\u00eb hyrje elegante me port\u00eb sigurojn\u00eb privat\u00ebsi dhe siguri, duke ruajtur nj\u00ebkoh\u00ebsisht pamjen e p\u00ebrgjithshme elegante dhe diskrete.<\/p><p data-start=\"1976\" data-end=\"2145\">Vila Moderne Durr\u00ebs q\u00ebndron si nj\u00eb rezidenc\u00eb ideale p\u00ebr ata q\u00eb k\u00ebrkojn\u00eb komoditet, jetes\u00eb moderne dhe sofistikim arkitekturor n\u00eb nj\u00eb nga zonat m\u00eb t\u00eb d\u00ebshirueshme pran\u00eb Durr\u00ebsit.<\/p>\t\t\t\t\t\t\t\t<\/div>\n\t\t\t\t<\/div>\n\t\t\t\t<\/div>\n\t\t\t\t<\/div>\n\t\t<div class=\"elementor-element elementor-element-8a86d44 e-flex e-con-boxed e-con e-parent\" data-id=\"8a86d44\" data-element_type=\"container\" data-e-type=\"container\" data-settings=\"{&quot;background_background&quot;:&quot;classic&quot;}\">\n\t\t\t\t\t<div class=\"e-con-inner\">\n\t\t\t\t<div class=\"elementor-element elementor-element-5d2ef196 elementor-hidden-mobile elementor-widget elementor-widget-heading\" data-id=\"5d2ef196\" data-element_type=\"widget\" data-e-type=\"widget\" data-widget_type=\"heading.default\">\n\t\t\t\t\t<span class=\"elementor-heading-title elementor-size-default\">Nga Ideja n\u00eb Realitet<\/span>\t\t\t\t<\/div>\n\t\t\t\t<div class=\"elementor-element elementor-element-2f0b230c elementor-widget elementor-widget-heading\" data-id=\"2f0b230c\" data-element_type=\"widget\" data-e-type=\"widget\" data-widget_type=\"heading.default\">\n\t\t\t\t\t<h2 class=\"elementor-heading-title elementor-size-default\">Le t\u00eb Nd\u00ebrtojm\u00eb S\u00eb bashku Suksesin Tuaj!<\/h2>\t\t\t\t<\/div>\n\t\t\t\t<div class=\"elementor-element elementor-element-7008190f elementor-widget__width-initial elementor-widget-mobile__width-initial elementor-widget elementor-widget-text-editor\" data-id=\"7008190f\" data-element_type=\"widget\" data-e-type=\"widget\" data-widget_type=\"text-editor.default\">\n\t\t\t\t\t\t\t\t\tP\u00ebr m\u00eb shum\u00eb detaje rreth sh\u00ebrbimeve tona ose p\u00ebr t\u00eb nisur nj\u00eb bashk\u00ebpunim, kontaktoni ekipin ton\u00eb sot!\t\t\t\t\t\t\t\t<\/div>\n\t\t\t\t<div class=\"elementor-element elementor-element-3d15b633 elementor-widget elementor-widget-button\" data-id=\"3d15b633\" data-element_type=\"widget\" data-e-type=\"widget\" data-widget_type=\"button.default\">\n\t\t\t\t\t\t\t\t\t\t<a class=\"elementor-button elementor-button-link elementor-size-sm\" href=\"https:\/\/koshnica-axh.com\/sq\/contact\/\">\n\t\t\t\t\t\t<span class=\"elementor-button-content-wrapper\">\n\t\t\t\t\t\t\t\t\t<span class=\"elementor-button-text\">Na Kontaktoni<\/span>\n\t\t\t\t\t<\/span>\n\t\t\t\t\t<\/a>\n\t\t\t\t\t\t\t\t<\/div>\n\t\t\t\t\t<\/div>\n\t\t\t\t<\/div>\n\t\t\t\t<\/div>","protected":false},"excerpt":{"rendered":"<p>Modern Villa, Durres Built By Koshnica A&amp;XH Located in Durr\u00ebs, Modern Villa durres is a contemporary residential project that embodies minimalism, refined geometry, and comfort \u2014 designed and constructed by Koshnica A&amp;XH. Project details: Built by: Koshnica A&amp;XH Year of completion: 2024 Location: Durr\u00ebs, Albania Total area: 400 m\u00b2 Modern Villa Durres showcases a clean [&hellip;]<\/p>\n","protected":false},"author":1,"featured_media":0,"parent":0,"menu_order":0,"comment_status":"closed","ping_status":"closed","template":"","meta":{"footnotes":""},"class_list":["post-615","page","type-page","status-publish","hentry"],"yoast_head":"<!-- This site is optimized with the Yoast SEO plugin v27.2 - https:\/\/yoast.com\/product\/yoast-seo-wordpress\/ -->\n<title>Modern Villa, Durres - koshnica-axh.com<\/title>\n<meta name=\"robots\" content=\"index, follow, max-snippet:-1, max-image-preview:large, max-video-preview:-1\" \/>\n<link rel=\"canonical\" href=\"https:\/\/koshnica-axh.com\/sq\/modern-villa-durres\/\" \/>\n<meta property=\"og:locale\" content=\"sq_AL\" \/>\n<meta property=\"og:type\" content=\"article\" \/>\n<meta property=\"og:title\" content=\"Modern Villa, Durres - koshnica-axh.com\" \/>\n<meta property=\"og:description\" content=\"Modern Villa, Durres Built By Koshnica A&amp;XH Located in Durr\u00ebs, Modern Villa durres is a contemporary residential project that embodies minimalism, refined geometry, and comfort \u2014 designed and constructed by Koshnica A&amp;XH. Project details: Built by: Koshnica A&amp;XH Year of completion: 2024 Location: Durr\u00ebs, Albania Total area: 400 m\u00b2 Modern Villa Durres showcases a clean [&hellip;]\" \/>\n<meta property=\"og:url\" content=\"https:\/\/koshnica-axh.com\/sq\/modern-villa-durres\/\" \/>\n<meta property=\"og:site_name\" content=\"koshnica-axh.com\" \/>\n<meta property=\"article:modified_time\" content=\"2025-12-05T15:04:06+00:00\" \/>\n<meta name=\"twitter:card\" content=\"summary_large_image\" \/>\n<meta name=\"twitter:label1\" content=\"Est. reading time\" \/>\n\t<meta name=\"twitter:data1\" content=\"2 minuta\" \/>\n<script type=\"application\/ld+json\" class=\"yoast-schema-graph\">{\"@context\":\"https:\/\/schema.org\",\"@graph\":[{\"@type\":\"WebPage\",\"@id\":\"https:\/\/koshnica-axh.com\/modern-villa-durres\/\",\"url\":\"https:\/\/koshnica-axh.com\/modern-villa-durres\/\",\"name\":\"Modern Villa, Durres - koshnica-axh.com\",\"isPartOf\":{\"@id\":\"https:\/\/koshnica-axh.com\/#website\"},\"datePublished\":\"2025-11-11T14:58:47+00:00\",\"dateModified\":\"2025-12-05T15:04:06+00:00\",\"breadcrumb\":{\"@id\":\"https:\/\/koshnica-axh.com\/modern-villa-durres\/#breadcrumb\"},\"inLanguage\":\"sq\",\"potentialAction\":[{\"@type\":\"ReadAction\",\"target\":[\"https:\/\/koshnica-axh.com\/modern-villa-durres\/\"]}]},{\"@type\":\"BreadcrumbList\",\"@id\":\"https:\/\/koshnica-axh.com\/modern-villa-durres\/#breadcrumb\",\"itemListElement\":[{\"@type\":\"ListItem\",\"position\":1,\"name\":\"Home\",\"item\":\"https:\/\/koshnica-axh.com\/\"},{\"@type\":\"ListItem\",\"position\":2,\"name\":\"Modern Villa, Durres\"}]},{\"@type\":\"WebSite\",\"@id\":\"https:\/\/koshnica-axh.com\/#website\",\"url\":\"https:\/\/koshnica-axh.com\/\",\"name\":\"koshnica-axh.com\",\"description\":\"\",\"publisher\":{\"@id\":\"https:\/\/koshnica-axh.com\/#organization\"},\"potentialAction\":[{\"@type\":\"SearchAction\",\"target\":{\"@type\":\"EntryPoint\",\"urlTemplate\":\"https:\/\/koshnica-axh.com\/?s={search_term_string}\"},\"query-input\":{\"@type\":\"PropertyValueSpecification\",\"valueRequired\":true,\"valueName\":\"search_term_string\"}}],\"inLanguage\":\"sq\"},{\"@type\":\"Organization\",\"@id\":\"https:\/\/koshnica-axh.com\/#organization\",\"name\":\"koshnica-axh.com\",\"url\":\"https:\/\/koshnica-axh.com\/\",\"logo\":{\"@type\":\"ImageObject\",\"inLanguage\":\"sq\",\"@id\":\"https:\/\/koshnica-axh.com\/#\/schema\/logo\/image\/\",\"url\":\"https:\/\/koshnica-axh.com\/wp-content\/uploads\/2025\/10\/Koshnica-New-Logo-Social-Edited-e1762443736903.png\",\"contentUrl\":\"https:\/\/koshnica-axh.com\/wp-content\/uploads\/2025\/10\/Koshnica-New-Logo-Social-Edited-e1762443736903.png\",\"width\":668,\"height\":364,\"caption\":\"koshnica-axh.com\"},\"image\":{\"@id\":\"https:\/\/koshnica-axh.com\/#\/schema\/logo\/image\/\"}}]}<\/script>\n<!-- \/ Yoast SEO plugin. -->","yoast_head_json":{"title":"Modern Villa, Durres - koshnica-axh.com","robots":{"index":"index","follow":"follow","max-snippet":"max-snippet:-1","max-image-preview":"max-image-preview:large","max-video-preview":"max-video-preview:-1"},"canonical":"https:\/\/koshnica-axh.com\/sq\/modern-villa-durres\/","og_locale":"sq_AL","og_type":"article","og_title":"Modern Villa, Durres - koshnica-axh.com","og_description":"Modern Villa, Durres Built By Koshnica A&amp;XH Located in Durr\u00ebs, Modern Villa durres is a contemporary residential project that embodies minimalism, refined geometry, and comfort \u2014 designed and constructed by Koshnica A&amp;XH. Project details: Built by: Koshnica A&amp;XH Year of completion: 2024 Location: Durr\u00ebs, Albania Total area: 400 m\u00b2 Modern Villa Durres showcases a clean [&hellip;]","og_url":"https:\/\/koshnica-axh.com\/sq\/modern-villa-durres\/","og_site_name":"koshnica-axh.com","article_modified_time":"2025-12-05T15:04:06+00:00","twitter_card":"summary_large_image","twitter_misc":{"Est. reading time":"2 minuta"},"schema":{"@context":"https:\/\/schema.org","@graph":[{"@type":"WebPage","@id":"https:\/\/koshnica-axh.com\/modern-villa-durres\/","url":"https:\/\/koshnica-axh.com\/modern-villa-durres\/","name":"Modern Villa, Durres - koshnica-axh.com","isPartOf":{"@id":"https:\/\/koshnica-axh.com\/#website"},"datePublished":"2025-11-11T14:58:47+00:00","dateModified":"2025-12-05T15:04:06+00:00","breadcrumb":{"@id":"https:\/\/koshnica-axh.com\/modern-villa-durres\/#breadcrumb"},"inLanguage":"sq","potentialAction":[{"@type":"ReadAction","target":["https:\/\/koshnica-axh.com\/modern-villa-durres\/"]}]},{"@type":"BreadcrumbList","@id":"https:\/\/koshnica-axh.com\/modern-villa-durres\/#breadcrumb","itemListElement":[{"@type":"ListItem","position":1,"name":"Home","item":"https:\/\/koshnica-axh.com\/"},{"@type":"ListItem","position":2,"name":"Modern Villa, Durres"}]},{"@type":"WebSite","@id":"https:\/\/koshnica-axh.com\/#website","url":"https:\/\/koshnica-axh.com\/","name":"koshnica-axh.com","description":"","publisher":{"@id":"https:\/\/koshnica-axh.com\/#organization"},"potentialAction":[{"@type":"SearchAction","target":{"@type":"EntryPoint","urlTemplate":"https:\/\/koshnica-axh.com\/?s={search_term_string}"},"query-input":{"@type":"PropertyValueSpecification","valueRequired":true,"valueName":"search_term_string"}}],"inLanguage":"sq"},{"@type":"Organization","@id":"https:\/\/koshnica-axh.com\/#organization","name":"koshnica-axh.com","url":"https:\/\/koshnica-axh.com\/","logo":{"@type":"ImageObject","inLanguage":"sq","@id":"https:\/\/koshnica-axh.com\/#\/schema\/logo\/image\/","url":"https:\/\/koshnica-axh.com\/wp-content\/uploads\/2025\/10\/Koshnica-New-Logo-Social-Edited-e1762443736903.png","contentUrl":"https:\/\/koshnica-axh.com\/wp-content\/uploads\/2025\/10\/Koshnica-New-Logo-Social-Edited-e1762443736903.png","width":668,"height":364,"caption":"koshnica-axh.com"},"image":{"@id":"https:\/\/koshnica-axh.com\/#\/schema\/logo\/image\/"}}]}},"_hostinger_reach_plugin_has_subscription_block":false,"_hostinger_reach_plugin_is_elementor":false,"_links":{"self":[{"href":"https:\/\/koshnica-axh.com\/sq\/wp-json\/wp\/v2\/pages\/615","targetHints":{"allow":["GET"]}}],"collection":[{"href":"https:\/\/koshnica-axh.com\/sq\/wp-json\/wp\/v2\/pages"}],"about":[{"href":"https:\/\/koshnica-axh.com\/sq\/wp-json\/wp\/v2\/types\/page"}],"author":[{"embeddable":true,"href":"https:\/\/koshnica-axh.com\/sq\/wp-json\/wp\/v2\/users\/1"}],"replies":[{"embeddable":true,"href":"https:\/\/koshnica-axh.com\/sq\/wp-json\/wp\/v2\/comments?post=615"}],"version-history":[{"count":28,"href":"https:\/\/koshnica-axh.com\/sq\/wp-json\/wp\/v2\/pages\/615\/revisions"}],"predecessor-version":[{"id":1673,"href":"https:\/\/koshnica-axh.com\/sq\/wp-json\/wp\/v2\/pages\/615\/revisions\/1673"}],"wp:attachment":[{"href":"https:\/\/koshnica-axh.com\/sq\/wp-json\/wp\/v2\/media?parent=615"}],"curies":[{"name":"wp","href":"https:\/\/api.w.org\/{rel}","templated":true}]}}