{"id":504,"date":"2025-11-04T16:35:45","date_gmt":"2025-11-04T16:35:45","guid":{"rendered":"https:\/\/koshnica-axh.com\/?page_id=504"},"modified":"2025-12-11T15:00:19","modified_gmt":"2025-12-11T15:00:19","slug":"hotel-lubjana-durres","status":"publish","type":"page","link":"https:\/\/koshnica-axh.com\/sq\/hotel-lubjana-durres\/","title":{"rendered":"Hotel Lubjana, Durres"},"content":{"rendered":"<div data-elementor-type=\"wp-page\" data-elementor-id=\"504\" class=\"elementor elementor-504\" data-elementor-post-type=\"page\">\n\t\t\t\t<div class=\"elementor-element elementor-element-bdcdb83 e-con-full e-flex e-con e-parent\" data-id=\"bdcdb83\" data-element_type=\"container\" data-e-type=\"container\">\n\t\t<div class=\"elementor-element elementor-element-1a48e87d e-con-full e-flex e-con e-child\" data-id=\"1a48e87d\" data-element_type=\"container\" data-e-type=\"container\">\n\t\t\t\t<div class=\"elementor-element elementor-element-185a8532 elementor-widget elementor-widget-heading\" data-id=\"185a8532\" data-element_type=\"widget\" data-e-type=\"widget\" data-widget_type=\"heading.default\">\n\t\t\t\t\t<h2 class=\"elementor-heading-title elementor-size-default\">Hotel LUBJANA, Durr\u00ebs<\/h2>\t\t\t\t<\/div>\n\t\t\t\t<div class=\"elementor-element elementor-element-2f47a094 elementor-widget elementor-widget-heading\" data-id=\"2f47a094\" data-element_type=\"widget\" data-e-type=\"widget\" data-widget_type=\"heading.default\">\n\t\t\t\t\t<span class=\"elementor-heading-title elementor-size-default\">Nd\u00ebrtuar nga Koshnica A&amp;XH<\/span>\t\t\t\t<\/div>\n\t\t\t\t<\/div>\n\t\t\t\t<div class=\"elementor-element elementor-element-811b8f0 elementor-widget elementor-widget-gallery\" data-id=\"811b8f0\" data-element_type=\"widget\" data-e-type=\"widget\" data-settings=\"{&quot;columns&quot;:3,&quot;aspect_ratio&quot;:&quot;1:1&quot;,&quot;lazyload&quot;:&quot;yes&quot;,&quot;gallery_layout&quot;:&quot;grid&quot;,&quot;columns_tablet&quot;:2,&quot;columns_mobile&quot;:1,&quot;gap&quot;:{&quot;unit&quot;:&quot;px&quot;,&quot;size&quot;:10,&quot;sizes&quot;:[]},&quot;gap_tablet&quot;:{&quot;unit&quot;:&quot;px&quot;,&quot;size&quot;:10,&quot;sizes&quot;:[]},&quot;gap_mobile&quot;:{&quot;unit&quot;:&quot;px&quot;,&quot;size&quot;:10,&quot;sizes&quot;:[]},&quot;link_to&quot;:&quot;file&quot;,&quot;overlay_background&quot;:&quot;yes&quot;,&quot;content_hover_animation&quot;:&quot;fade-in&quot;}\" data-widget_type=\"gallery.default\">\n\t\t\t\t\t\t\t<div class=\"elementor-gallery__container\">\n\t\t\t\t\t\t\t<a class=\"e-gallery-item elementor-gallery-item elementor-animated-content\" href=\"https:\/\/koshnica-axh.com\/wp-content\/uploads\/2025\/11\/caption-2.jpg\" data-elementor-open-lightbox=\"yes\" data-elementor-lightbox-slideshow=\"811b8f0\" data-elementor-lightbox-title=\"caption (2)\" data-e-action-hash=\"#elementor-action%3Aaction%3Dlightbox%26settings%3DeyJpZCI6NTA2LCJ1cmwiOiJodHRwczpcL1wva29zaG5pY2EtYXhoLmNvbVwvd3AtY29udGVudFwvdXBsb2Fkc1wvMjAyNVwvMTFcL2NhcHRpb24tMi5qcGciLCJzbGlkZXNob3ciOiI4MTFiOGYwIn0%3D\">\n\t\t\t\t\t<div class=\"e-gallery-image elementor-gallery-item__image\" data-thumbnail=\"https:\/\/koshnica-axh.com\/wp-content\/uploads\/2025\/11\/caption-2.jpg\" data-width=\"1100\" data-height=\"1100\" aria-label=\"\" role=\"img\" ><\/div>\n\t\t\t\t\t\t\t\t\t\t\t<div class=\"elementor-gallery-item__overlay\"><\/div>\n\t\t\t\t\t\t\t\t\t\t\t\t\t\t<\/a>\n\t\t\t\t\t\t\t<a class=\"e-gallery-item elementor-gallery-item elementor-animated-content\" href=\"https:\/\/koshnica-axh.com\/wp-content\/uploads\/2025\/12\/Untitled-design-1.jpg\" data-elementor-open-lightbox=\"yes\" data-elementor-lightbox-slideshow=\"811b8f0\" data-elementor-lightbox-title=\"Hotel LUBJANA\" data-elementor-lightbox-description=\"Hotel LUBJANA\" data-e-action-hash=\"#elementor-action%3Aaction%3Dlightbox%26settings%3DeyJpZCI6MTU1NSwidXJsIjoiaHR0cHM6XC9cL2tvc2huaWNhLWF4aC5jb21cL3dwLWNvbnRlbnRcL3VwbG9hZHNcLzIwMjVcLzEyXC9VbnRpdGxlZC1kZXNpZ24tMS5qcGciLCJzbGlkZXNob3ciOiI4MTFiOGYwIn0%3D\">\n\t\t\t\t\t<div class=\"e-gallery-image elementor-gallery-item__image\" data-thumbnail=\"https:\/\/koshnica-axh.com\/wp-content\/uploads\/2025\/12\/Untitled-design-1.jpg\" data-width=\"1080\" data-height=\"1350\" aria-label=\"Hotel LUBJANA\" role=\"img\" ><\/div>\n\t\t\t\t\t\t\t\t\t\t\t<div class=\"elementor-gallery-item__overlay\"><\/div>\n\t\t\t\t\t\t\t\t\t\t\t\t\t\t<\/a>\n\t\t\t\t\t\t\t<a class=\"e-gallery-item elementor-gallery-item elementor-animated-content\" href=\"https:\/\/koshnica-axh.com\/wp-content\/uploads\/2025\/12\/Untitled-design-1.png\" data-elementor-open-lightbox=\"yes\" data-elementor-lightbox-slideshow=\"811b8f0\" data-elementor-lightbox-title=\"Untitled design\" data-e-action-hash=\"#elementor-action%3Aaction%3Dlightbox%26settings%3DeyJpZCI6MTUzOSwidXJsIjoiaHR0cHM6XC9cL2tvc2huaWNhLWF4aC5jb21cL3dwLWNvbnRlbnRcL3VwbG9hZHNcLzIwMjVcLzEyXC9VbnRpdGxlZC1kZXNpZ24tMS5wbmciLCJzbGlkZXNob3ciOiI4MTFiOGYwIn0%3D\">\n\t\t\t\t\t<div class=\"e-gallery-image elementor-gallery-item__image\" data-thumbnail=\"https:\/\/koshnica-axh.com\/wp-content\/uploads\/2025\/12\/Untitled-design-1.png\" data-width=\"1080\" data-height=\"1350\" aria-label=\"\" role=\"img\" ><\/div>\n\t\t\t\t\t\t\t\t\t\t\t<div class=\"elementor-gallery-item__overlay\"><\/div>\n\t\t\t\t\t\t\t\t\t\t\t\t\t\t<\/a>\n\t\t\t\t\t<\/div>\n\t\t\t\t\t<\/div>\n\t\t\t\t<\/div>\n\t\t<div class=\"elementor-element elementor-element-1cba9ba e-con-full e-flex e-con e-parent\" data-id=\"1cba9ba\" data-element_type=\"container\" data-e-type=\"container\" data-settings=\"{&quot;background_background&quot;:&quot;classic&quot;}\">\n\t\t<div class=\"elementor-element elementor-element-449f133c e-con-full e-flex e-con e-child\" data-id=\"449f133c\" data-element_type=\"container\" data-e-type=\"container\">\n\t\t<div class=\"elementor-element elementor-element-3a62e9f3 e-con-full e-flex e-con e-child\" data-id=\"3a62e9f3\" data-element_type=\"container\" data-e-type=\"container\" data-settings=\"{&quot;background_background&quot;:&quot;classic&quot;}\">\n\t\t\t\t<div class=\"elementor-element elementor-element-25141307 elementor-widget__width-initial elementor-widget-mobile__width-initial elementor-widget elementor-widget-text-editor\" data-id=\"25141307\" data-element_type=\"widget\" data-e-type=\"widget\" data-widget_type=\"text-editor.default\">\n\t\t\t\t\t\t\t\t\t<p>Located along the Adriatic coast in Durr\u00ebs, Hotel Lubjana represents a modern approach to coastal hospitality, combining contemporary architecture with functional elegance \u2014 built by Koshnica A&amp;XH.<\/p>\t\t\t\t\t\t\t\t<\/div>\n\t\t\t\t<div class=\"elementor-element elementor-element-61e580aa elementor-widget elementor-widget-text-editor\" data-id=\"61e580aa\" data-element_type=\"widget\" data-e-type=\"widget\" data-widget_type=\"text-editor.default\">\n\t\t\t\t\t\t\t\t\t<p data-start=\"1243\" data-end=\"1265\"><strong data-start=\"1243\" data-end=\"1263\">Detajet e Projektit:<\/strong><\/p><ul data-start=\"1266\" data-end=\"1422\"><li data-start=\"1266\" data-end=\"1300\"><p data-start=\"1268\" data-end=\"1300\"><strong data-start=\"1268\" data-end=\"1281\">Nd\u00ebrtuar nga:<\/strong> Koshnica A&amp;XH<\/p><\/li><li data-start=\"1301\" data-end=\"1333\"><p data-start=\"1303\" data-end=\"1333\"><strong data-start=\"1303\" data-end=\"1326\">Viti i p\u00ebrfundimit:<\/strong> 2023<\/p><\/li><li data-start=\"1334\" data-end=\"1367\"><p data-start=\"1336\" data-end=\"1367\"><strong data-start=\"1336\" data-end=\"1349\">Vendndodhja:<\/strong> Durr\u00ebs, Albania<\/p><\/li><li data-start=\"1368\" data-end=\"1394\"><p data-start=\"1370\" data-end=\"1394\"><strong data-start=\"1370\" data-end=\"1385\">Sip\u00ebrfaqja totale:<\/strong> 3500 m\u00b2<\/p><\/li><li data-start=\"1395\" data-end=\"1422\"><p data-start=\"1397\" data-end=\"1422\"><strong data-start=\"1397\" data-end=\"1411\">Sip\u00ebrfaqja e parcel\u00ebs:<\/strong>\u00a0<\/p><\/li><\/ul>\t\t\t\t\t\t\t\t<\/div>\n\t\t\t\t<\/div>\n\t\t<div class=\"elementor-element elementor-element-15058d7e e-con-full e-flex e-con e-child\" data-id=\"15058d7e\" data-element_type=\"container\" data-e-type=\"container\" data-settings=\"{&quot;background_background&quot;:&quot;classic&quot;}\">\n\t\t\t\t<div class=\"elementor-element elementor-element-4588c3e elementor-widget elementor-widget-text-editor\" data-id=\"4588c3e\" data-element_type=\"widget\" data-e-type=\"widget\" data-widget_type=\"text-editor.default\">\n\t\t\t\t\t\t\t\t\t<p data-start=\"608\" data-end=\"912\">Hotel Lubjana u projektua p\u00ebr t\u00eb pasqyruar shpirtin relaksues t\u00eb jetes\u00ebs buz\u00eb detit, duke ruajtur nj\u00eb prani arkitekturore t\u00eb past\u00ebr dhe t\u00eb sofistikuar. Fasada e tij kombinon hapje t\u00eb m\u00ebdha xhami me linja minimaliste, duke lejuar drit\u00ebn natyrale t\u00eb mbush\u00eb ambientet e brendshme dhe duke ofruar pamje panoramike t\u00eb Detit Adriatik.<\/p><p data-start=\"914\" data-end=\"1109\">Organizimi hap\u00ebsinor i nd\u00ebrtes\u00ebs thekson komoditetin e klient\u00ebve dhe efikasitetin e qarkullimit \u2014 me zona t\u00eb p\u00ebrbashk\u00ebta t\u00eb hapura, dhoma t\u00eb bollshme dhe akses t\u00eb pand\u00ebrprer\u00eb n\u00eb tarracat e jashtme dhe ambientet e koh\u00ebs s\u00eb lir\u00eb.<\/p><p data-start=\"1111\" data-end=\"1272\">Brenda, dizajni p\u00ebrqafon nj\u00eb palet\u00eb ngjyrash neutral\u00eb dhe t\u00eb but\u00eb, e plot\u00ebsuar nga materiale t\u00eb ngrohta dhe ndri\u00e7im delikat, duke krijuar nj\u00eb atmosfer\u00eb mikprit\u00ebse dhe t\u00eb qet\u00eb p\u00ebr klient\u00ebt.<\/p><p data-start=\"1274\" data-end=\"1491\">Koshnica A&amp;XH managed the full scope of construction \u2014 from structural works and installations to final interior finishing \u2014 ensuring durability, precision, and aesthetic excellence throughout the entire project.<\/p>\t\t\t\t\t\t\t\t<\/div>\n\t\t\t\t<\/div>\n\t\t\t\t<\/div>\n\t\t\t\t<\/div>\n\t\t<div class=\"elementor-element elementor-element-8a86d44 e-flex e-con-boxed e-con e-parent\" data-id=\"8a86d44\" data-element_type=\"container\" data-e-type=\"container\" data-settings=\"{&quot;background_background&quot;:&quot;classic&quot;}\">\n\t\t\t\t\t<div class=\"e-con-inner\">\n\t\t\t\t<div class=\"elementor-element elementor-element-5d2ef196 elementor-hidden-mobile elementor-widget elementor-widget-heading\" data-id=\"5d2ef196\" data-element_type=\"widget\" data-e-type=\"widget\" data-widget_type=\"heading.default\">\n\t\t\t\t\t<span class=\"elementor-heading-title elementor-size-default\">Nga Ideja n\u00eb Realitet<\/span>\t\t\t\t<\/div>\n\t\t\t\t<div class=\"elementor-element elementor-element-2f0b230c elementor-widget elementor-widget-heading\" data-id=\"2f0b230c\" data-element_type=\"widget\" data-e-type=\"widget\" data-widget_type=\"heading.default\">\n\t\t\t\t\t<h2 class=\"elementor-heading-title elementor-size-default\">Le t\u00eb Nd\u00ebrtojm\u00eb S\u00eb bashku Suksesin Tuaj!<\/h2>\t\t\t\t<\/div>\n\t\t\t\t<div class=\"elementor-element elementor-element-7008190f elementor-widget__width-initial elementor-widget-mobile__width-initial elementor-widget elementor-widget-text-editor\" data-id=\"7008190f\" data-element_type=\"widget\" data-e-type=\"widget\" data-widget_type=\"text-editor.default\">\n\t\t\t\t\t\t\t\t\tP\u00ebr m\u00eb shum\u00eb detaje rreth sh\u00ebrbimeve tona ose p\u00ebr t\u00eb nisur nj\u00eb bashk\u00ebpunim, kontaktoni ekipin ton\u00eb sot!\t\t\t\t\t\t\t\t<\/div>\n\t\t\t\t<div class=\"elementor-element elementor-element-3d15b633 elementor-widget elementor-widget-button\" data-id=\"3d15b633\" data-element_type=\"widget\" data-e-type=\"widget\" data-widget_type=\"button.default\">\n\t\t\t\t\t\t\t\t\t\t<a class=\"elementor-button elementor-button-link elementor-size-sm\" href=\"https:\/\/koshnica-axh.com\/sq\/contact\/\">\n\t\t\t\t\t\t<span class=\"elementor-button-content-wrapper\">\n\t\t\t\t\t\t\t\t\t<span class=\"elementor-button-text\">Na Kontaktoni<\/span>\n\t\t\t\t\t<\/span>\n\t\t\t\t\t<\/a>\n\t\t\t\t\t\t\t\t<\/div>\n\t\t\t\t\t<\/div>\n\t\t\t\t<\/div>\n\t\t\t\t<\/div>","protected":false},"excerpt":{"rendered":"<p>Hotel LUBJANA, Durres Built By Koshnica A&amp;XH Located along the Adriatic coast in Durr\u00ebs, Hotel Lubjana represents a modern approach to coastal hospitality, combining contemporary architecture with functional elegance \u2014 built by Koshnica A&amp;XH. Project details: Built by: Koshnica A&amp;XH Year of completion: 2023 Location: Durr\u00ebs, Albania Total area: 3500 m\u00b2 Site area:\u00a0 Hotel Lubjana [&hellip;]<\/p>\n","protected":false},"author":1,"featured_media":0,"parent":0,"menu_order":0,"comment_status":"closed","ping_status":"closed","template":"","meta":{"footnotes":""},"class_list":["post-504","page","type-page","status-publish","hentry"],"yoast_head":"<!-- This site is optimized with the Yoast SEO plugin v27.2 - https:\/\/yoast.com\/product\/yoast-seo-wordpress\/ -->\n<title>Hotel Lubjana, Durres - koshnica-axh.com<\/title>\n<meta name=\"robots\" content=\"index, follow, max-snippet:-1, max-image-preview:large, max-video-preview:-1\" \/>\n<link rel=\"canonical\" href=\"https:\/\/koshnica-axh.com\/sq\/hotel-lubjana-durres\/\" \/>\n<meta property=\"og:locale\" content=\"sq_AL\" \/>\n<meta property=\"og:type\" content=\"article\" \/>\n<meta property=\"og:title\" content=\"Hotel Lubjana, Durres - koshnica-axh.com\" \/>\n<meta property=\"og:description\" content=\"Hotel LUBJANA, Durres Built By Koshnica A&amp;XH Located along the Adriatic coast in Durr\u00ebs, Hotel Lubjana represents a modern approach to coastal hospitality, combining contemporary architecture with functional elegance \u2014 built by Koshnica A&amp;XH. Project details: Built by: Koshnica A&amp;XH Year of completion: 2023 Location: Durr\u00ebs, Albania Total area: 3500 m\u00b2 Site area:\u00a0 Hotel Lubjana [&hellip;]\" \/>\n<meta property=\"og:url\" content=\"https:\/\/koshnica-axh.com\/sq\/hotel-lubjana-durres\/\" \/>\n<meta property=\"og:site_name\" content=\"koshnica-axh.com\" \/>\n<meta property=\"article:modified_time\" content=\"2025-12-11T15:00:19+00:00\" \/>\n<meta name=\"twitter:card\" content=\"summary_large_image\" \/>\n<meta name=\"twitter:label1\" content=\"Est. reading time\" \/>\n\t<meta name=\"twitter:data1\" content=\"1 minut\u00eb\" \/>\n<script type=\"application\/ld+json\" class=\"yoast-schema-graph\">{\"@context\":\"https:\/\/schema.org\",\"@graph\":[{\"@type\":\"WebPage\",\"@id\":\"https:\/\/koshnica-axh.com\/hotel-lubjana-durres\/\",\"url\":\"https:\/\/koshnica-axh.com\/hotel-lubjana-durres\/\",\"name\":\"Hotel Lubjana, Durres - koshnica-axh.com\",\"isPartOf\":{\"@id\":\"https:\/\/koshnica-axh.com\/#website\"},\"datePublished\":\"2025-11-04T16:35:45+00:00\",\"dateModified\":\"2025-12-11T15:00:19+00:00\",\"breadcrumb\":{\"@id\":\"https:\/\/koshnica-axh.com\/hotel-lubjana-durres\/#breadcrumb\"},\"inLanguage\":\"sq\",\"potentialAction\":[{\"@type\":\"ReadAction\",\"target\":[\"https:\/\/koshnica-axh.com\/hotel-lubjana-durres\/\"]}]},{\"@type\":\"BreadcrumbList\",\"@id\":\"https:\/\/koshnica-axh.com\/hotel-lubjana-durres\/#breadcrumb\",\"itemListElement\":[{\"@type\":\"ListItem\",\"position\":1,\"name\":\"Home\",\"item\":\"https:\/\/koshnica-axh.com\/\"},{\"@type\":\"ListItem\",\"position\":2,\"name\":\"Hotel Lubjana, Durres\"}]},{\"@type\":\"WebSite\",\"@id\":\"https:\/\/koshnica-axh.com\/#website\",\"url\":\"https:\/\/koshnica-axh.com\/\",\"name\":\"koshnica-axh.com\",\"description\":\"\",\"publisher\":{\"@id\":\"https:\/\/koshnica-axh.com\/#organization\"},\"potentialAction\":[{\"@type\":\"SearchAction\",\"target\":{\"@type\":\"EntryPoint\",\"urlTemplate\":\"https:\/\/koshnica-axh.com\/?s={search_term_string}\"},\"query-input\":{\"@type\":\"PropertyValueSpecification\",\"valueRequired\":true,\"valueName\":\"search_term_string\"}}],\"inLanguage\":\"sq\"},{\"@type\":\"Organization\",\"@id\":\"https:\/\/koshnica-axh.com\/#organization\",\"name\":\"koshnica-axh.com\",\"url\":\"https:\/\/koshnica-axh.com\/\",\"logo\":{\"@type\":\"ImageObject\",\"inLanguage\":\"sq\",\"@id\":\"https:\/\/koshnica-axh.com\/#\/schema\/logo\/image\/\",\"url\":\"https:\/\/koshnica-axh.com\/wp-content\/uploads\/2025\/10\/Koshnica-New-Logo-Social-Edited-e1762443736903.png\",\"contentUrl\":\"https:\/\/koshnica-axh.com\/wp-content\/uploads\/2025\/10\/Koshnica-New-Logo-Social-Edited-e1762443736903.png\",\"width\":668,\"height\":364,\"caption\":\"koshnica-axh.com\"},\"image\":{\"@id\":\"https:\/\/koshnica-axh.com\/#\/schema\/logo\/image\/\"}}]}<\/script>\n<!-- \/ Yoast SEO plugin. -->","yoast_head_json":{"title":"Hotel Lubjana, Durres - koshnica-axh.com","robots":{"index":"index","follow":"follow","max-snippet":"max-snippet:-1","max-image-preview":"max-image-preview:large","max-video-preview":"max-video-preview:-1"},"canonical":"https:\/\/koshnica-axh.com\/sq\/hotel-lubjana-durres\/","og_locale":"sq_AL","og_type":"article","og_title":"Hotel Lubjana, Durres - koshnica-axh.com","og_description":"Hotel LUBJANA, Durres Built By Koshnica A&amp;XH Located along the Adriatic coast in Durr\u00ebs, Hotel Lubjana represents a modern approach to coastal hospitality, combining contemporary architecture with functional elegance \u2014 built by Koshnica A&amp;XH. Project details: Built by: Koshnica A&amp;XH Year of completion: 2023 Location: Durr\u00ebs, Albania Total area: 3500 m\u00b2 Site area:\u00a0 Hotel Lubjana [&hellip;]","og_url":"https:\/\/koshnica-axh.com\/sq\/hotel-lubjana-durres\/","og_site_name":"koshnica-axh.com","article_modified_time":"2025-12-11T15:00:19+00:00","twitter_card":"summary_large_image","twitter_misc":{"Est. reading time":"1 minut\u00eb"},"schema":{"@context":"https:\/\/schema.org","@graph":[{"@type":"WebPage","@id":"https:\/\/koshnica-axh.com\/hotel-lubjana-durres\/","url":"https:\/\/koshnica-axh.com\/hotel-lubjana-durres\/","name":"Hotel Lubjana, Durres - koshnica-axh.com","isPartOf":{"@id":"https:\/\/koshnica-axh.com\/#website"},"datePublished":"2025-11-04T16:35:45+00:00","dateModified":"2025-12-11T15:00:19+00:00","breadcrumb":{"@id":"https:\/\/koshnica-axh.com\/hotel-lubjana-durres\/#breadcrumb"},"inLanguage":"sq","potentialAction":[{"@type":"ReadAction","target":["https:\/\/koshnica-axh.com\/hotel-lubjana-durres\/"]}]},{"@type":"BreadcrumbList","@id":"https:\/\/koshnica-axh.com\/hotel-lubjana-durres\/#breadcrumb","itemListElement":[{"@type":"ListItem","position":1,"name":"Home","item":"https:\/\/koshnica-axh.com\/"},{"@type":"ListItem","position":2,"name":"Hotel Lubjana, Durres"}]},{"@type":"WebSite","@id":"https:\/\/koshnica-axh.com\/#website","url":"https:\/\/koshnica-axh.com\/","name":"koshnica-axh.com","description":"","publisher":{"@id":"https:\/\/koshnica-axh.com\/#organization"},"potentialAction":[{"@type":"SearchAction","target":{"@type":"EntryPoint","urlTemplate":"https:\/\/koshnica-axh.com\/?s={search_term_string}"},"query-input":{"@type":"PropertyValueSpecification","valueRequired":true,"valueName":"search_term_string"}}],"inLanguage":"sq"},{"@type":"Organization","@id":"https:\/\/koshnica-axh.com\/#organization","name":"koshnica-axh.com","url":"https:\/\/koshnica-axh.com\/","logo":{"@type":"ImageObject","inLanguage":"sq","@id":"https:\/\/koshnica-axh.com\/#\/schema\/logo\/image\/","url":"https:\/\/koshnica-axh.com\/wp-content\/uploads\/2025\/10\/Koshnica-New-Logo-Social-Edited-e1762443736903.png","contentUrl":"https:\/\/koshnica-axh.com\/wp-content\/uploads\/2025\/10\/Koshnica-New-Logo-Social-Edited-e1762443736903.png","width":668,"height":364,"caption":"koshnica-axh.com"},"image":{"@id":"https:\/\/koshnica-axh.com\/#\/schema\/logo\/image\/"}}]}},"_hostinger_reach_plugin_has_subscription_block":false,"_hostinger_reach_plugin_is_elementor":false,"_links":{"self":[{"href":"https:\/\/koshnica-axh.com\/sq\/wp-json\/wp\/v2\/pages\/504","targetHints":{"allow":["GET"]}}],"collection":[{"href":"https:\/\/koshnica-axh.com\/sq\/wp-json\/wp\/v2\/pages"}],"about":[{"href":"https:\/\/koshnica-axh.com\/sq\/wp-json\/wp\/v2\/types\/page"}],"author":[{"embeddable":true,"href":"https:\/\/koshnica-axh.com\/sq\/wp-json\/wp\/v2\/users\/1"}],"replies":[{"embeddable":true,"href":"https:\/\/koshnica-axh.com\/sq\/wp-json\/wp\/v2\/comments?post=504"}],"version-history":[{"count":37,"href":"https:\/\/koshnica-axh.com\/sq\/wp-json\/wp\/v2\/pages\/504\/revisions"}],"predecessor-version":[{"id":1843,"href":"https:\/\/koshnica-axh.com\/sq\/wp-json\/wp\/v2\/pages\/504\/revisions\/1843"}],"wp:attachment":[{"href":"https:\/\/koshnica-axh.com\/sq\/wp-json\/wp\/v2\/media?parent=504"}],"curies":[{"name":"wp","href":"https:\/\/api.w.org\/{rel}","templated":true}]}}