{"id":480,"date":"2025-11-04T16:14:17","date_gmt":"2025-11-04T16:14:17","guid":{"rendered":"https:\/\/koshnica-axh.com\/?page_id=480"},"modified":"2025-12-11T14:59:39","modified_gmt":"2025-12-11T14:59:39","slug":"villa-pascucci-durres","status":"publish","type":"page","link":"https:\/\/koshnica-axh.com\/sq\/villa-pascucci-durres\/","title":{"rendered":"\u00a0Villa Pascucci, Durr\u00ebs"},"content":{"rendered":"<div data-elementor-type=\"wp-page\" data-elementor-id=\"480\" class=\"elementor elementor-480\" data-elementor-post-type=\"page\">\n\t\t\t\t<div class=\"elementor-element elementor-element-bdcdb83 e-con-full e-flex e-con e-parent\" data-id=\"bdcdb83\" data-element_type=\"container\" data-e-type=\"container\">\n\t\t<div class=\"elementor-element elementor-element-1a48e87d e-con-full e-flex e-con e-child\" data-id=\"1a48e87d\" data-element_type=\"container\" data-e-type=\"container\">\n\t\t\t\t<div class=\"elementor-element elementor-element-185a8532 elementor-widget elementor-widget-heading\" data-id=\"185a8532\" data-element_type=\"widget\" data-e-type=\"widget\" data-widget_type=\"heading.default\">\n\t\t\t\t\t<h2 class=\"elementor-heading-title elementor-size-default\">Villa Pascucci, Durr\u00ebs<\/h2>\t\t\t\t<\/div>\n\t\t\t\t<div class=\"elementor-element elementor-element-2f47a094 elementor-widget elementor-widget-heading\" data-id=\"2f47a094\" data-element_type=\"widget\" data-e-type=\"widget\" data-widget_type=\"heading.default\">\n\t\t\t\t\t<span class=\"elementor-heading-title elementor-size-default\">Nd\u00ebrtuar nga Koshnica A&amp;XH<\/span>\t\t\t\t<\/div>\n\t\t\t\t<\/div>\n\t\t\t\t<div class=\"elementor-element elementor-element-811b8f0 elementor-widget elementor-widget-gallery\" data-id=\"811b8f0\" data-element_type=\"widget\" data-e-type=\"widget\" data-settings=\"{&quot;columns&quot;:3,&quot;aspect_ratio&quot;:&quot;1:1&quot;,&quot;lazyload&quot;:&quot;yes&quot;,&quot;gallery_layout&quot;:&quot;grid&quot;,&quot;columns_tablet&quot;:2,&quot;columns_mobile&quot;:1,&quot;gap&quot;:{&quot;unit&quot;:&quot;px&quot;,&quot;size&quot;:10,&quot;sizes&quot;:[]},&quot;gap_tablet&quot;:{&quot;unit&quot;:&quot;px&quot;,&quot;size&quot;:10,&quot;sizes&quot;:[]},&quot;gap_mobile&quot;:{&quot;unit&quot;:&quot;px&quot;,&quot;size&quot;:10,&quot;sizes&quot;:[]},&quot;link_to&quot;:&quot;file&quot;,&quot;overlay_background&quot;:&quot;yes&quot;,&quot;content_hover_animation&quot;:&quot;fade-in&quot;}\" data-widget_type=\"gallery.default\">\n\t\t\t\t\t\t\t<div class=\"elementor-gallery__container\">\n\t\t\t\t\t\t\t<a class=\"e-gallery-item elementor-gallery-item elementor-animated-content\" href=\"https:\/\/koshnica-axh.com\/wp-content\/uploads\/2025\/11\/dji_mimo_20251025_152338_20251025152338_1761426157136_photo-scaled.jpg\" data-elementor-open-lightbox=\"yes\" data-elementor-lightbox-slideshow=\"811b8f0\" data-elementor-lightbox-title=\"default\" data-e-action-hash=\"#elementor-action%3Aaction%3Dlightbox%26settings%3DeyJpZCI6NDc1LCJ1cmwiOiJodHRwczpcL1wva29zaG5pY2EtYXhoLmNvbVwvd3AtY29udGVudFwvdXBsb2Fkc1wvMjAyNVwvMTFcL2RqaV9taW1vXzIwMjUxMDI1XzE1MjMzOF8yMDI1MTAyNTE1MjMzOF8xNzYxNDI2MTU3MTM2X3Bob3RvLXNjYWxlZC5qcGciLCJzbGlkZXNob3ciOiI4MTFiOGYwIn0%3D\">\n\t\t\t\t\t<div class=\"e-gallery-image elementor-gallery-item__image\" data-thumbnail=\"https:\/\/koshnica-axh.com\/wp-content\/uploads\/2025\/11\/dji_mimo_20251025_152338_20251025152338_1761426157136_photo-scaled.jpg\" data-width=\"2560\" data-height=\"1440\" aria-label=\"\" role=\"img\" ><\/div>\n\t\t\t\t\t\t\t\t\t\t\t<div class=\"elementor-gallery-item__overlay\"><\/div>\n\t\t\t\t\t\t\t\t\t\t\t\t\t\t<\/a>\n\t\t\t\t\t\t\t<a class=\"e-gallery-item elementor-gallery-item elementor-animated-content\" href=\"https:\/\/koshnica-axh.com\/wp-content\/uploads\/2025\/11\/DSC6399-scaled.jpg\" data-elementor-open-lightbox=\"yes\" data-elementor-lightbox-slideshow=\"811b8f0\" data-elementor-lightbox-title=\"_DSC6399\" data-e-action-hash=\"#elementor-action%3Aaction%3Dlightbox%26settings%3DeyJpZCI6NDY5LCJ1cmwiOiJodHRwczpcL1wva29zaG5pY2EtYXhoLmNvbVwvd3AtY29udGVudFwvdXBsb2Fkc1wvMjAyNVwvMTFcL0RTQzYzOTktc2NhbGVkLmpwZyIsInNsaWRlc2hvdyI6IjgxMWI4ZjAifQ%3D%3D\">\n\t\t\t\t\t<div class=\"e-gallery-image elementor-gallery-item__image\" data-thumbnail=\"https:\/\/koshnica-axh.com\/wp-content\/uploads\/2025\/11\/DSC6399-scaled.jpg\" data-width=\"2560\" data-height=\"1707\" aria-label=\"\" role=\"img\" ><\/div>\n\t\t\t\t\t\t\t\t\t\t\t<div class=\"elementor-gallery-item__overlay\"><\/div>\n\t\t\t\t\t\t\t\t\t\t\t\t\t\t<\/a>\n\t\t\t\t\t\t\t<a class=\"e-gallery-item elementor-gallery-item elementor-animated-content\" href=\"https:\/\/koshnica-axh.com\/wp-content\/uploads\/2025\/11\/DSC6400-scaled.jpg\" data-elementor-open-lightbox=\"yes\" data-elementor-lightbox-slideshow=\"811b8f0\" data-elementor-lightbox-title=\"_DSC6400\" data-e-action-hash=\"#elementor-action%3Aaction%3Dlightbox%26settings%3DeyJpZCI6NDY4LCJ1cmwiOiJodHRwczpcL1wva29zaG5pY2EtYXhoLmNvbVwvd3AtY29udGVudFwvdXBsb2Fkc1wvMjAyNVwvMTFcL0RTQzY0MDAtc2NhbGVkLmpwZyIsInNsaWRlc2hvdyI6IjgxMWI4ZjAifQ%3D%3D\">\n\t\t\t\t\t<div class=\"e-gallery-image elementor-gallery-item__image\" data-thumbnail=\"https:\/\/koshnica-axh.com\/wp-content\/uploads\/2025\/11\/DSC6400-scaled.jpg\" data-width=\"2560\" data-height=\"1707\" aria-label=\"\" role=\"img\" ><\/div>\n\t\t\t\t\t\t\t\t\t\t\t<div class=\"elementor-gallery-item__overlay\"><\/div>\n\t\t\t\t\t\t\t\t\t\t\t\t\t\t<\/a>\n\t\t\t\t\t\t\t<a class=\"e-gallery-item elementor-gallery-item elementor-animated-content\" href=\"https:\/\/koshnica-axh.com\/wp-content\/uploads\/2025\/11\/DSC6406-scaled.jpg\" data-elementor-open-lightbox=\"yes\" data-elementor-lightbox-slideshow=\"811b8f0\" data-elementor-lightbox-title=\"_DSC6406\" data-e-action-hash=\"#elementor-action%3Aaction%3Dlightbox%26settings%3DeyJpZCI6NDcxLCJ1cmwiOiJodHRwczpcL1wva29zaG5pY2EtYXhoLmNvbVwvd3AtY29udGVudFwvdXBsb2Fkc1wvMjAyNVwvMTFcL0RTQzY0MDYtc2NhbGVkLmpwZyIsInNsaWRlc2hvdyI6IjgxMWI4ZjAifQ%3D%3D\">\n\t\t\t\t\t<div class=\"e-gallery-image elementor-gallery-item__image\" data-thumbnail=\"https:\/\/koshnica-axh.com\/wp-content\/uploads\/2025\/11\/DSC6406-scaled.jpg\" data-width=\"2560\" data-height=\"1707\" aria-label=\"\" role=\"img\" ><\/div>\n\t\t\t\t\t\t\t\t\t\t\t<div class=\"elementor-gallery-item__overlay\"><\/div>\n\t\t\t\t\t\t\t\t\t\t\t\t\t\t<\/a>\n\t\t\t\t\t\t\t<a class=\"e-gallery-item elementor-gallery-item elementor-animated-content\" href=\"https:\/\/koshnica-axh.com\/wp-content\/uploads\/2025\/11\/DSC6402-scaled.jpg\" data-elementor-open-lightbox=\"yes\" data-elementor-lightbox-slideshow=\"811b8f0\" data-elementor-lightbox-title=\"_DSC6402\" data-e-action-hash=\"#elementor-action%3Aaction%3Dlightbox%26settings%3DeyJpZCI6NDcyLCJ1cmwiOiJodHRwczpcL1wva29zaG5pY2EtYXhoLmNvbVwvd3AtY29udGVudFwvdXBsb2Fkc1wvMjAyNVwvMTFcL0RTQzY0MDItc2NhbGVkLmpwZyIsInNsaWRlc2hvdyI6IjgxMWI4ZjAifQ%3D%3D\">\n\t\t\t\t\t<div class=\"e-gallery-image elementor-gallery-item__image\" data-thumbnail=\"https:\/\/koshnica-axh.com\/wp-content\/uploads\/2025\/11\/DSC6402-scaled.jpg\" data-width=\"2560\" data-height=\"1707\" aria-label=\"\" role=\"img\" ><\/div>\n\t\t\t\t\t\t\t\t\t\t\t<div class=\"elementor-gallery-item__overlay\"><\/div>\n\t\t\t\t\t\t\t\t\t\t\t\t\t\t<\/a>\n\t\t\t\t\t\t\t<a class=\"e-gallery-item elementor-gallery-item elementor-animated-content\" href=\"https:\/\/koshnica-axh.com\/wp-content\/uploads\/2025\/11\/dji_mimo_20251025_152046_20251025152046_1761426159515_photo-scaled.jpg\" data-elementor-open-lightbox=\"yes\" data-elementor-lightbox-slideshow=\"811b8f0\" data-elementor-lightbox-title=\"default\" data-e-action-hash=\"#elementor-action%3Aaction%3Dlightbox%26settings%3DeyJpZCI6NDc2LCJ1cmwiOiJodHRwczpcL1wva29zaG5pY2EtYXhoLmNvbVwvd3AtY29udGVudFwvdXBsb2Fkc1wvMjAyNVwvMTFcL2RqaV9taW1vXzIwMjUxMDI1XzE1MjA0Nl8yMDI1MTAyNTE1MjA0Nl8xNzYxNDI2MTU5NTE1X3Bob3RvLXNjYWxlZC5qcGciLCJzbGlkZXNob3ciOiI4MTFiOGYwIn0%3D\">\n\t\t\t\t\t<div class=\"e-gallery-image elementor-gallery-item__image\" data-thumbnail=\"https:\/\/koshnica-axh.com\/wp-content\/uploads\/2025\/11\/dji_mimo_20251025_152046_20251025152046_1761426159515_photo-scaled.jpg\" data-width=\"2560\" data-height=\"1440\" aria-label=\"\" role=\"img\" ><\/div>\n\t\t\t\t\t\t\t\t\t\t\t<div class=\"elementor-gallery-item__overlay\"><\/div>\n\t\t\t\t\t\t\t\t\t\t\t\t\t\t<\/a>\n\t\t\t\t\t<\/div>\n\t\t\t\t\t<\/div>\n\t\t\t\t<\/div>\n\t\t<div class=\"elementor-element elementor-element-1cba9ba e-con-full e-flex e-con e-parent\" data-id=\"1cba9ba\" data-element_type=\"container\" data-e-type=\"container\" data-settings=\"{&quot;background_background&quot;:&quot;classic&quot;}\">\n\t\t<div class=\"elementor-element elementor-element-449f133c e-con-full e-flex e-con e-child\" data-id=\"449f133c\" data-element_type=\"container\" data-e-type=\"container\">\n\t\t<div class=\"elementor-element elementor-element-3a62e9f3 e-con-full e-flex e-con e-child\" data-id=\"3a62e9f3\" data-element_type=\"container\" data-e-type=\"container\" data-settings=\"{&quot;background_background&quot;:&quot;classic&quot;}\">\n\t\t\t\t<div class=\"elementor-element elementor-element-25141307 elementor-widget__width-initial elementor-widget-mobile__width-initial elementor-widget elementor-widget-text-editor\" data-id=\"25141307\" data-element_type=\"widget\" data-e-type=\"widget\" data-widget_type=\"text-editor.default\">\n\t\t\t\t\t\t\t\t\t<p>Located in Durr\u00ebs, Villa Pascucci stands as a symbol of refined architecture and luxury, blending classical elegance with modern construction techniques by Koshnica A&amp;XH.<\/p>\t\t\t\t\t\t\t\t<\/div>\n\t\t\t\t<div class=\"elementor-element elementor-element-61e580aa elementor-widget elementor-widget-text-editor\" data-id=\"61e580aa\" data-element_type=\"widget\" data-e-type=\"widget\" data-widget_type=\"text-editor.default\">\n\t\t\t\t\t\t\t\t\t<p data-start=\"1243\" data-end=\"1265\"><strong data-start=\"1243\" data-end=\"1263\">Detajet e Projektit:<\/strong><\/p><ul data-start=\"1266\" data-end=\"1422\"><li data-start=\"1266\" data-end=\"1300\"><p data-start=\"1268\" data-end=\"1300\"><strong data-start=\"1268\" data-end=\"1281\">Nd\u00ebrtuar nga:<\/strong> Koshnica A&amp;XH<\/p><\/li><li data-start=\"1301\" data-end=\"1333\"><p data-start=\"1303\" data-end=\"1333\"><strong data-start=\"1303\" data-end=\"1326\">Viti i p\u00ebrfundimit:<\/strong>\u00a0<\/p><\/li><li data-start=\"1334\" data-end=\"1367\"><p data-start=\"1336\" data-end=\"1367\"><strong data-start=\"1336\" data-end=\"1349\">Vendndodhja:<\/strong> Durr\u00ebs, Albania<\/p><\/li><li data-start=\"1368\" data-end=\"1394\"><p data-start=\"1370\" data-end=\"1394\"><strong data-start=\"1370\" data-end=\"1385\">Sip\u00ebrfaqja totale:<\/strong> 2500 m\u00b2<\/p><\/li><li data-start=\"1395\" data-end=\"1422\"><p data-start=\"1397\" data-end=\"1422\"><strong data-start=\"1397\" data-end=\"1411\">Sip\u00ebrfaqja e parcel\u00ebs:<\/strong>\u00a0<\/p><\/li><\/ul>\t\t\t\t\t\t\t\t<\/div>\n\t\t\t\t<\/div>\n\t\t<div class=\"elementor-element elementor-element-15058d7e e-con-full e-flex e-con e-child\" data-id=\"15058d7e\" data-element_type=\"container\" data-e-type=\"container\" data-settings=\"{&quot;background_background&quot;:&quot;classic&quot;}\">\n\t\t\t\t<div class=\"elementor-element elementor-element-4588c3e elementor-widget elementor-widget-text-editor\" data-id=\"4588c3e\" data-element_type=\"widget\" data-e-type=\"widget\" data-widget_type=\"text-editor.default\">\n\t\t\t\t\t\t\t\t\t<p data-start=\"588\" data-end=\"763\">Projekti shfaq nj\u00eb balanc\u00eb harmonike mes madh\u00ebshtis\u00eb dhe funksionalitetit, me hap\u00ebsira t\u00eb dizajnuara me kujdes q\u00eb kombinojn\u00eb sofistikimin estetik dhe precizionin strukturor.<\/p><p data-start=\"765\" data-end=\"979\">Pjesa e jashtme p\u00ebrmban detaje arkitekturore t\u00eb rafinuara, t\u00eb frym\u00ebzuara nga dizajni neoklasik \u2014 kolona t\u00eb larta, dritare me harqe dhe fasada simetrike \u2014 nd\u00ebrkoh\u00eb q\u00eb integron materiale moderne q\u00eb sigurojn\u00eb q\u00ebndrueshm\u00ebri dhe komoditet.<\/p><p data-start=\"981\" data-end=\"1265\">Brenda, Vila Pascucci ofron nj\u00eb atmosfer\u00eb luksoze t\u00eb theksuar nga mermeri, ndri\u00e7imi elegant dhe element\u00ebt dekorativ\u00eb t\u00eb punuar me dor\u00eb. \u00c7do dhom\u00eb pasqyron v\u00ebmendje t\u00eb p\u00ebrpikt\u00eb ndaj detajeve, duke krijuar nj\u00eb ndjenj\u00eb ngroht\u00ebsie dhe ekskluziviteti q\u00eb p\u00ebrcakton karakterin e p\u00ebrgjithsh\u00ebm t\u00eb vil\u00ebs.<\/p><p data-start=\"1267\" data-end=\"1441\">Koshnica A&amp;XH executed every stage of the project \u2014 from structural works to interior finishing \u2014 ensuring the highest quality standards in every aspect of construction.<\/p>\t\t\t\t\t\t\t\t<\/div>\n\t\t\t\t<\/div>\n\t\t\t\t<\/div>\n\t\t\t\t<\/div>\n\t\t<div class=\"elementor-element elementor-element-8a86d44 e-flex e-con-boxed e-con e-parent\" data-id=\"8a86d44\" data-element_type=\"container\" data-e-type=\"container\" data-settings=\"{&quot;background_background&quot;:&quot;classic&quot;}\">\n\t\t\t\t\t<div class=\"e-con-inner\">\n\t\t\t\t<div class=\"elementor-element elementor-element-5d2ef196 elementor-hidden-mobile elementor-widget elementor-widget-heading\" data-id=\"5d2ef196\" data-element_type=\"widget\" data-e-type=\"widget\" data-widget_type=\"heading.default\">\n\t\t\t\t\t<span class=\"elementor-heading-title elementor-size-default\">Nga Ideja n\u00eb Realitet<\/span>\t\t\t\t<\/div>\n\t\t\t\t<div class=\"elementor-element elementor-element-2f0b230c elementor-widget elementor-widget-heading\" data-id=\"2f0b230c\" data-element_type=\"widget\" data-e-type=\"widget\" data-widget_type=\"heading.default\">\n\t\t\t\t\t<h2 class=\"elementor-heading-title elementor-size-default\">Le t\u00eb Nd\u00ebrtojm\u00eb S\u00eb bashku Suksesin Tuaj!<\/h2>\t\t\t\t<\/div>\n\t\t\t\t<div class=\"elementor-element elementor-element-7008190f elementor-widget__width-initial elementor-widget-mobile__width-initial elementor-widget elementor-widget-text-editor\" data-id=\"7008190f\" data-element_type=\"widget\" data-e-type=\"widget\" data-widget_type=\"text-editor.default\">\n\t\t\t\t\t\t\t\t\tP\u00ebr m\u00eb shum\u00eb detaje rreth sh\u00ebrbimeve tona ose p\u00ebr t\u00eb nisur nj\u00eb bashk\u00ebpunim, kontaktoni ekipin ton\u00eb sot!\t\t\t\t\t\t\t\t<\/div>\n\t\t\t\t<div class=\"elementor-element elementor-element-3d15b633 elementor-widget elementor-widget-button\" data-id=\"3d15b633\" data-element_type=\"widget\" data-e-type=\"widget\" data-widget_type=\"button.default\">\n\t\t\t\t\t\t\t\t\t\t<a class=\"elementor-button elementor-button-link elementor-size-sm\" href=\"https:\/\/koshnica-axh.com\/sq\/contact\/\">\n\t\t\t\t\t\t<span class=\"elementor-button-content-wrapper\">\n\t\t\t\t\t\t\t\t\t<span class=\"elementor-button-text\">Na Kontaktoni<\/span>\n\t\t\t\t\t<\/span>\n\t\t\t\t\t<\/a>\n\t\t\t\t\t\t\t\t<\/div>\n\t\t\t\t\t<\/div>\n\t\t\t\t<\/div>\n\t\t\t\t<\/div>","protected":false},"excerpt":{"rendered":"<p>Villa Pascucci, Durres Built By Koshnica A&amp;XH Located in Durr\u00ebs, Villa Pascucci stands as a symbol of refined architecture and luxury, blending classical elegance with modern construction techniques by Koshnica A&amp;XH. Project details: Built by: Koshnica A&amp;XH Year of completion:\u00a0 Location: Durr\u00ebs, Albania Total area: 2500 m\u00b2 Site area:\u00a0 The project showcases a harmonious balance [&hellip;]<\/p>\n","protected":false},"author":1,"featured_media":0,"parent":0,"menu_order":0,"comment_status":"closed","ping_status":"closed","template":"","meta":{"footnotes":""},"class_list":["post-480","page","type-page","status-publish","hentry"],"yoast_head":"<!-- This site is optimized with the Yoast SEO plugin v27.2 - https:\/\/yoast.com\/product\/yoast-seo-wordpress\/ -->\n<title>\u00a0Villa Pascucci, Durres - koshnica-axh.com<\/title>\n<meta name=\"robots\" content=\"index, follow, max-snippet:-1, max-image-preview:large, max-video-preview:-1\" \/>\n<link rel=\"canonical\" href=\"https:\/\/koshnica-axh.com\/sq\/villa-pascucci-durres\/\" \/>\n<meta property=\"og:locale\" content=\"sq_AL\" \/>\n<meta property=\"og:type\" content=\"article\" \/>\n<meta property=\"og:title\" content=\"\u00a0Villa Pascucci, Durres - koshnica-axh.com\" \/>\n<meta property=\"og:description\" content=\"Villa Pascucci, Durres Built By Koshnica A&amp;XH Located in Durr\u00ebs, Villa Pascucci stands as a symbol of refined architecture and luxury, blending classical elegance with modern construction techniques by Koshnica A&amp;XH. Project details: Built by: Koshnica A&amp;XH Year of completion:\u00a0 Location: Durr\u00ebs, Albania Total area: 2500 m\u00b2 Site area:\u00a0 The project showcases a harmonious balance [&hellip;]\" \/>\n<meta property=\"og:url\" content=\"https:\/\/koshnica-axh.com\/sq\/villa-pascucci-durres\/\" \/>\n<meta property=\"og:site_name\" content=\"koshnica-axh.com\" \/>\n<meta property=\"article:modified_time\" content=\"2025-12-11T14:59:39+00:00\" \/>\n<meta name=\"twitter:card\" content=\"summary_large_image\" \/>\n<meta name=\"twitter:label1\" content=\"Est. reading time\" \/>\n\t<meta name=\"twitter:data1\" content=\"1 minut\u00eb\" \/>\n<script type=\"application\/ld+json\" class=\"yoast-schema-graph\">{\"@context\":\"https:\/\/schema.org\",\"@graph\":[{\"@type\":\"WebPage\",\"@id\":\"https:\/\/koshnica-axh.com\/villa-pascucci-durres\/\",\"url\":\"https:\/\/koshnica-axh.com\/villa-pascucci-durres\/\",\"name\":\"\u00a0Villa Pascucci, Durres - koshnica-axh.com\",\"isPartOf\":{\"@id\":\"https:\/\/koshnica-axh.com\/#website\"},\"datePublished\":\"2025-11-04T16:14:17+00:00\",\"dateModified\":\"2025-12-11T14:59:39+00:00\",\"breadcrumb\":{\"@id\":\"https:\/\/koshnica-axh.com\/villa-pascucci-durres\/#breadcrumb\"},\"inLanguage\":\"sq\",\"potentialAction\":[{\"@type\":\"ReadAction\",\"target\":[\"https:\/\/koshnica-axh.com\/villa-pascucci-durres\/\"]}]},{\"@type\":\"BreadcrumbList\",\"@id\":\"https:\/\/koshnica-axh.com\/villa-pascucci-durres\/#breadcrumb\",\"itemListElement\":[{\"@type\":\"ListItem\",\"position\":1,\"name\":\"Home\",\"item\":\"https:\/\/koshnica-axh.com\/\"},{\"@type\":\"ListItem\",\"position\":2,\"name\":\"\u00a0Villa Pascucci, Durres\"}]},{\"@type\":\"WebSite\",\"@id\":\"https:\/\/koshnica-axh.com\/#website\",\"url\":\"https:\/\/koshnica-axh.com\/\",\"name\":\"koshnica-axh.com\",\"description\":\"\",\"publisher\":{\"@id\":\"https:\/\/koshnica-axh.com\/#organization\"},\"potentialAction\":[{\"@type\":\"SearchAction\",\"target\":{\"@type\":\"EntryPoint\",\"urlTemplate\":\"https:\/\/koshnica-axh.com\/?s={search_term_string}\"},\"query-input\":{\"@type\":\"PropertyValueSpecification\",\"valueRequired\":true,\"valueName\":\"search_term_string\"}}],\"inLanguage\":\"sq\"},{\"@type\":\"Organization\",\"@id\":\"https:\/\/koshnica-axh.com\/#organization\",\"name\":\"koshnica-axh.com\",\"url\":\"https:\/\/koshnica-axh.com\/\",\"logo\":{\"@type\":\"ImageObject\",\"inLanguage\":\"sq\",\"@id\":\"https:\/\/koshnica-axh.com\/#\/schema\/logo\/image\/\",\"url\":\"https:\/\/koshnica-axh.com\/wp-content\/uploads\/2025\/10\/Koshnica-New-Logo-Social-Edited-e1762443736903.png\",\"contentUrl\":\"https:\/\/koshnica-axh.com\/wp-content\/uploads\/2025\/10\/Koshnica-New-Logo-Social-Edited-e1762443736903.png\",\"width\":668,\"height\":364,\"caption\":\"koshnica-axh.com\"},\"image\":{\"@id\":\"https:\/\/koshnica-axh.com\/#\/schema\/logo\/image\/\"}}]}<\/script>\n<!-- \/ Yoast SEO plugin. -->","yoast_head_json":{"title":"\u00a0Villa Pascucci, Durres - koshnica-axh.com","robots":{"index":"index","follow":"follow","max-snippet":"max-snippet:-1","max-image-preview":"max-image-preview:large","max-video-preview":"max-video-preview:-1"},"canonical":"https:\/\/koshnica-axh.com\/sq\/villa-pascucci-durres\/","og_locale":"sq_AL","og_type":"article","og_title":"\u00a0Villa Pascucci, Durres - koshnica-axh.com","og_description":"Villa Pascucci, Durres Built By Koshnica A&amp;XH Located in Durr\u00ebs, Villa Pascucci stands as a symbol of refined architecture and luxury, blending classical elegance with modern construction techniques by Koshnica A&amp;XH. Project details: Built by: Koshnica A&amp;XH Year of completion:\u00a0 Location: Durr\u00ebs, Albania Total area: 2500 m\u00b2 Site area:\u00a0 The project showcases a harmonious balance [&hellip;]","og_url":"https:\/\/koshnica-axh.com\/sq\/villa-pascucci-durres\/","og_site_name":"koshnica-axh.com","article_modified_time":"2025-12-11T14:59:39+00:00","twitter_card":"summary_large_image","twitter_misc":{"Est. reading time":"1 minut\u00eb"},"schema":{"@context":"https:\/\/schema.org","@graph":[{"@type":"WebPage","@id":"https:\/\/koshnica-axh.com\/villa-pascucci-durres\/","url":"https:\/\/koshnica-axh.com\/villa-pascucci-durres\/","name":"\u00a0Villa Pascucci, Durres - koshnica-axh.com","isPartOf":{"@id":"https:\/\/koshnica-axh.com\/#website"},"datePublished":"2025-11-04T16:14:17+00:00","dateModified":"2025-12-11T14:59:39+00:00","breadcrumb":{"@id":"https:\/\/koshnica-axh.com\/villa-pascucci-durres\/#breadcrumb"},"inLanguage":"sq","potentialAction":[{"@type":"ReadAction","target":["https:\/\/koshnica-axh.com\/villa-pascucci-durres\/"]}]},{"@type":"BreadcrumbList","@id":"https:\/\/koshnica-axh.com\/villa-pascucci-durres\/#breadcrumb","itemListElement":[{"@type":"ListItem","position":1,"name":"Home","item":"https:\/\/koshnica-axh.com\/"},{"@type":"ListItem","position":2,"name":"\u00a0Villa Pascucci, Durres"}]},{"@type":"WebSite","@id":"https:\/\/koshnica-axh.com\/#website","url":"https:\/\/koshnica-axh.com\/","name":"koshnica-axh.com","description":"","publisher":{"@id":"https:\/\/koshnica-axh.com\/#organization"},"potentialAction":[{"@type":"SearchAction","target":{"@type":"EntryPoint","urlTemplate":"https:\/\/koshnica-axh.com\/?s={search_term_string}"},"query-input":{"@type":"PropertyValueSpecification","valueRequired":true,"valueName":"search_term_string"}}],"inLanguage":"sq"},{"@type":"Organization","@id":"https:\/\/koshnica-axh.com\/#organization","name":"koshnica-axh.com","url":"https:\/\/koshnica-axh.com\/","logo":{"@type":"ImageObject","inLanguage":"sq","@id":"https:\/\/koshnica-axh.com\/#\/schema\/logo\/image\/","url":"https:\/\/koshnica-axh.com\/wp-content\/uploads\/2025\/10\/Koshnica-New-Logo-Social-Edited-e1762443736903.png","contentUrl":"https:\/\/koshnica-axh.com\/wp-content\/uploads\/2025\/10\/Koshnica-New-Logo-Social-Edited-e1762443736903.png","width":668,"height":364,"caption":"koshnica-axh.com"},"image":{"@id":"https:\/\/koshnica-axh.com\/#\/schema\/logo\/image\/"}}]}},"_hostinger_reach_plugin_has_subscription_block":false,"_hostinger_reach_plugin_is_elementor":false,"_links":{"self":[{"href":"https:\/\/koshnica-axh.com\/sq\/wp-json\/wp\/v2\/pages\/480","targetHints":{"allow":["GET"]}}],"collection":[{"href":"https:\/\/koshnica-axh.com\/sq\/wp-json\/wp\/v2\/pages"}],"about":[{"href":"https:\/\/koshnica-axh.com\/sq\/wp-json\/wp\/v2\/types\/page"}],"author":[{"embeddable":true,"href":"https:\/\/koshnica-axh.com\/sq\/wp-json\/wp\/v2\/users\/1"}],"replies":[{"embeddable":true,"href":"https:\/\/koshnica-axh.com\/sq\/wp-json\/wp\/v2\/comments?post=480"}],"version-history":[{"count":22,"href":"https:\/\/koshnica-axh.com\/sq\/wp-json\/wp\/v2\/pages\/480\/revisions"}],"predecessor-version":[{"id":1840,"href":"https:\/\/koshnica-axh.com\/sq\/wp-json\/wp\/v2\/pages\/480\/revisions\/1840"}],"wp:attachment":[{"href":"https:\/\/koshnica-axh.com\/sq\/wp-json\/wp\/v2\/media?parent=480"}],"curies":[{"name":"wp","href":"https:\/\/api.w.org\/{rel}","templated":true}]}}