{"id":1249,"date":"2025-11-24T11:03:18","date_gmt":"2025-11-24T11:03:18","guid":{"rendered":"https:\/\/koshnica-axh.com\/?page_id=1249"},"modified":"2025-12-11T15:06:22","modified_gmt":"2025-12-11T15:06:22","slug":"vila-rrashbull","status":"publish","type":"page","link":"https:\/\/koshnica-axh.com\/sq\/vila-rrashbull\/","title":{"rendered":"Vila Rrashbull"},"content":{"rendered":"<div data-elementor-type=\"wp-page\" data-elementor-id=\"1249\" class=\"elementor elementor-1249\" data-elementor-post-type=\"page\">\n\t\t\t\t<div class=\"elementor-element elementor-element-bdcdb83 e-con-full e-flex e-con e-parent\" data-id=\"bdcdb83\" data-element_type=\"container\" data-e-type=\"container\">\n\t\t<div class=\"elementor-element elementor-element-1a48e87d e-con-full e-flex e-con e-child\" data-id=\"1a48e87d\" data-element_type=\"container\" data-e-type=\"container\">\n\t\t\t\t<div class=\"elementor-element elementor-element-185a8532 elementor-widget elementor-widget-heading\" data-id=\"185a8532\" data-element_type=\"widget\" data-e-type=\"widget\" data-widget_type=\"heading.default\">\n\t\t\t\t\t<h2 class=\"elementor-heading-title elementor-size-default\">Vila Rrashbull <\/h2>\t\t\t\t<\/div>\n\t\t\t\t<div class=\"elementor-element elementor-element-2f47a094 elementor-widget elementor-widget-heading\" data-id=\"2f47a094\" data-element_type=\"widget\" data-e-type=\"widget\" data-widget_type=\"heading.default\">\n\t\t\t\t\t<span class=\"elementor-heading-title elementor-size-default\">Nd\u00ebrtuar nga Koshnica A&amp;XH<\/span>\t\t\t\t<\/div>\n\t\t\t\t<\/div>\n\t\t\t\t<div class=\"elementor-element elementor-element-811b8f0 elementor-widget elementor-widget-gallery\" data-id=\"811b8f0\" data-element_type=\"widget\" data-e-type=\"widget\" data-settings=\"{&quot;columns&quot;:3,&quot;aspect_ratio&quot;:&quot;1:1&quot;,&quot;lazyload&quot;:&quot;yes&quot;,&quot;gallery_layout&quot;:&quot;grid&quot;,&quot;columns_tablet&quot;:2,&quot;columns_mobile&quot;:1,&quot;gap&quot;:{&quot;unit&quot;:&quot;px&quot;,&quot;size&quot;:10,&quot;sizes&quot;:[]},&quot;gap_tablet&quot;:{&quot;unit&quot;:&quot;px&quot;,&quot;size&quot;:10,&quot;sizes&quot;:[]},&quot;gap_mobile&quot;:{&quot;unit&quot;:&quot;px&quot;,&quot;size&quot;:10,&quot;sizes&quot;:[]},&quot;link_to&quot;:&quot;file&quot;,&quot;overlay_background&quot;:&quot;yes&quot;,&quot;content_hover_animation&quot;:&quot;fade-in&quot;}\" data-widget_type=\"gallery.default\">\n\t\t\t\t\t\t\t<div class=\"elementor-gallery__container\">\n\t\t\t\t\t\t\t<a class=\"e-gallery-item elementor-gallery-item elementor-animated-content\" href=\"https:\/\/koshnica-axh.com\/wp-content\/uploads\/2025\/11\/Untitled-design-6-scaled.png\" data-elementor-open-lightbox=\"yes\" data-elementor-lightbox-slideshow=\"811b8f0\" data-elementor-lightbox-title=\"Untitled design (6)\" data-e-action-hash=\"#elementor-action%3Aaction%3Dlightbox%26settings%3DeyJpZCI6MTI0MiwidXJsIjoiaHR0cHM6XC9cL2tvc2huaWNhLWF4aC5jb21cL3dwLWNvbnRlbnRcL3VwbG9hZHNcLzIwMjVcLzExXC9VbnRpdGxlZC1kZXNpZ24tNi1zY2FsZWQucG5nIiwic2xpZGVzaG93IjoiODExYjhmMCJ9\">\n\t\t\t\t\t<div class=\"e-gallery-image elementor-gallery-item__image\" data-thumbnail=\"https:\/\/koshnica-axh.com\/wp-content\/uploads\/2025\/11\/Untitled-design-6-scaled.png\" data-width=\"2560\" data-height=\"1707\" aria-label=\"\" role=\"img\" ><\/div>\n\t\t\t\t\t\t\t\t\t\t\t<div class=\"elementor-gallery-item__overlay\"><\/div>\n\t\t\t\t\t\t\t\t\t\t\t\t\t\t<\/a>\n\t\t\t\t\t\t\t<a class=\"e-gallery-item elementor-gallery-item elementor-animated-content\" href=\"https:\/\/koshnica-axh.com\/wp-content\/uploads\/2025\/11\/DSC6347-scaled.jpg\" data-elementor-open-lightbox=\"yes\" data-elementor-lightbox-slideshow=\"811b8f0\" data-elementor-lightbox-title=\"_DSC6347\" data-e-action-hash=\"#elementor-action%3Aaction%3Dlightbox%26settings%3DeyJpZCI6MTI0NSwidXJsIjoiaHR0cHM6XC9cL2tvc2huaWNhLWF4aC5jb21cL3dwLWNvbnRlbnRcL3VwbG9hZHNcLzIwMjVcLzExXC9EU0M2MzQ3LXNjYWxlZC5qcGciLCJzbGlkZXNob3ciOiI4MTFiOGYwIn0%3D\">\n\t\t\t\t\t<div class=\"e-gallery-image elementor-gallery-item__image\" data-thumbnail=\"https:\/\/koshnica-axh.com\/wp-content\/uploads\/2025\/11\/DSC6347-scaled.jpg\" data-width=\"2560\" data-height=\"1707\" aria-label=\"\" role=\"img\" ><\/div>\n\t\t\t\t\t\t\t\t\t\t\t<div class=\"elementor-gallery-item__overlay\"><\/div>\n\t\t\t\t\t\t\t\t\t\t\t\t\t\t<\/a>\n\t\t\t\t\t\t\t<a class=\"e-gallery-item elementor-gallery-item elementor-animated-content\" href=\"https:\/\/koshnica-axh.com\/wp-content\/uploads\/2025\/11\/Untitled-design-7-scaled.png\" data-elementor-open-lightbox=\"yes\" data-elementor-lightbox-slideshow=\"811b8f0\" data-elementor-lightbox-title=\"Untitled design (7)\" data-e-action-hash=\"#elementor-action%3Aaction%3Dlightbox%26settings%3DeyJpZCI6MTI1OCwidXJsIjoiaHR0cHM6XC9cL2tvc2huaWNhLWF4aC5jb21cL3dwLWNvbnRlbnRcL3VwbG9hZHNcLzIwMjVcLzExXC9VbnRpdGxlZC1kZXNpZ24tNy1zY2FsZWQucG5nIiwic2xpZGVzaG93IjoiODExYjhmMCJ9\">\n\t\t\t\t\t<div class=\"e-gallery-image elementor-gallery-item__image\" data-thumbnail=\"https:\/\/koshnica-axh.com\/wp-content\/uploads\/2025\/11\/Untitled-design-7-scaled.png\" data-width=\"2560\" data-height=\"1707\" aria-label=\"\" role=\"img\" ><\/div>\n\t\t\t\t\t\t\t\t\t\t\t<div class=\"elementor-gallery-item__overlay\"><\/div>\n\t\t\t\t\t\t\t\t\t\t\t\t\t\t<\/a>\n\t\t\t\t\t<\/div>\n\t\t\t\t\t<\/div>\n\t\t\t\t<\/div>\n\t\t<div class=\"elementor-element elementor-element-1cba9ba e-con-full e-flex e-con e-parent\" data-id=\"1cba9ba\" data-element_type=\"container\" data-e-type=\"container\" data-settings=\"{&quot;background_background&quot;:&quot;classic&quot;}\">\n\t\t<div class=\"elementor-element elementor-element-449f133c e-con-full e-flex e-con e-child\" data-id=\"449f133c\" data-element_type=\"container\" data-e-type=\"container\">\n\t\t<div class=\"elementor-element elementor-element-3a62e9f3 e-con-full e-flex e-con e-child\" data-id=\"3a62e9f3\" data-element_type=\"container\" data-e-type=\"container\" data-settings=\"{&quot;background_background&quot;:&quot;classic&quot;}\">\n\t\t\t\t<div class=\"elementor-element elementor-element-25141307 elementor-widget__width-initial elementor-widget-mobile__width-initial elementor-widget elementor-widget-text-editor\" data-id=\"25141307\" data-element_type=\"widget\" data-e-type=\"widget\" data-widget_type=\"text-editor.default\">\n\t\t\t\t\t\t\t\t\t<p><b>Vila Rrashbull: Eleganc\u00eb Moderne n\u00eb Harmoni me Natyr\u00ebn<\/b>\u00a0 Nd\u00ebrtuar nga Koshnica A&amp;XH<\/p>\t\t\t\t\t\t\t\t<\/div>\n\t\t\t\t<div class=\"elementor-element elementor-element-61e580aa elementor-widget elementor-widget-text-editor\" data-id=\"61e580aa\" data-element_type=\"widget\" data-e-type=\"widget\" data-widget_type=\"text-editor.default\">\n\t\t\t\t\t\t\t\t\t<p data-start=\"464\" data-end=\"486\"><strong data-start=\"464\" data-end=\"484\">Detajet e Projektit:<\/strong><\/p><ul data-start=\"487\" data-end=\"677\"><li data-start=\"487\" data-end=\"521\"><p data-start=\"489\" data-end=\"521\"><strong data-start=\"489\" data-end=\"502\">Nd\u00ebrtuar nga:<\/strong> Koshnica A&amp;XH<\/p><\/li><li data-start=\"522\" data-end=\"564\"><p data-start=\"524\" data-end=\"564\"><strong data-start=\"524\" data-end=\"547\">Viti i p\u00ebrfundimit:<\/strong> 2024<\/p><\/li><li data-start=\"565\" data-end=\"598\"><p data-start=\"567\" data-end=\"598\"><strong data-start=\"567\" data-end=\"580\">Vendndodhja:<\/strong>\u00a0Rrashbull,\u00a0<span style=\"background-color: transparent;\">Durr\u00ebs<\/span><span style=\"background-color: transparent;\">\u00a0Albania<\/span><\/p><\/li><li data-start=\"599\" data-end=\"638\"><p data-start=\"601\" data-end=\"638\"><strong data-start=\"601\" data-end=\"616\">Sip\u00ebrfaqja totale: <\/strong>300 m\u00b2<\/p><\/li><\/ul>\t\t\t\t\t\t\t\t<\/div>\n\t\t\t\t<\/div>\n\t\t<div class=\"elementor-element elementor-element-15058d7e e-con-full e-flex e-con e-child\" data-id=\"15058d7e\" data-element_type=\"container\" data-e-type=\"container\" data-settings=\"{&quot;background_background&quot;:&quot;classic&quot;}\">\n\t\t\t\t<div class=\"elementor-element elementor-element-4588c3e elementor-widget elementor-widget-text-editor\" data-id=\"4588c3e\" data-element_type=\"widget\" data-e-type=\"widget\" data-widget_type=\"text-editor.default\">\n\t\t\t\t\t\t\t\t\t<div class=\"fusion-text fusion-text-5\"><p class=\"translation-block\"><b>Vila Rrashbull: Eleganc\u00eb Moderne n\u00eb Harmoni me Natyr\u00ebn<\/b> Nj\u00eb rezidenc\u00eb bashk\u00ebkohore q\u00eb nd\u00ebrthur estetik\u00ebn minimaliste, materialet premium dhe qet\u00ebsin\u00eb e peizazhit p\u00ebr nj\u00eb stil jetese elitar.<\/p><p class=\"translation-block\"><b>Vila Rrashbull<\/b> E projektuar me linja t\u00eb pastra gjeometrike, kjo vil\u00eb ofron nj\u00eb nd\u00ebrthurje perfekte t\u00eb gurit, drurit dhe xhamit. Me hap\u00ebsira t\u00eb bollshme, tarrac\u00eb panoramike dhe kopsht t\u00eb kuruar mesdhetar, Vila Rrashbull \u00ebsht\u00eb simbol i komoditetit modern dhe privat\u00ebsis\u00eb.<\/p><\/div>\t\t\t\t\t\t\t\t<\/div>\n\t\t\t\t<\/div>\n\t\t\t\t<\/div>\n\t\t\t\t<\/div>\n\t\t<div class=\"elementor-element elementor-element-8a86d44 e-flex e-con-boxed e-con e-parent\" data-id=\"8a86d44\" data-element_type=\"container\" data-e-type=\"container\" data-settings=\"{&quot;background_background&quot;:&quot;classic&quot;}\">\n\t\t\t\t\t<div class=\"e-con-inner\">\n\t\t\t\t<div class=\"elementor-element elementor-element-5d2ef196 elementor-hidden-mobile elementor-widget elementor-widget-heading\" data-id=\"5d2ef196\" data-element_type=\"widget\" data-e-type=\"widget\" data-widget_type=\"heading.default\">\n\t\t\t\t\t<span class=\"elementor-heading-title elementor-size-default\">Nga Ideja n\u00eb Realitet<\/span>\t\t\t\t<\/div>\n\t\t\t\t<div class=\"elementor-element elementor-element-2f0b230c elementor-widget elementor-widget-heading\" data-id=\"2f0b230c\" data-element_type=\"widget\" data-e-type=\"widget\" data-widget_type=\"heading.default\">\n\t\t\t\t\t<h2 class=\"elementor-heading-title elementor-size-default\">Le t\u00eb Nd\u00ebrtojm\u00eb S\u00eb bashku Suksesin Tuaj!<\/h2>\t\t\t\t<\/div>\n\t\t\t\t<div class=\"elementor-element elementor-element-7008190f elementor-widget__width-initial elementor-widget-mobile__width-initial elementor-widget elementor-widget-text-editor\" data-id=\"7008190f\" data-element_type=\"widget\" data-e-type=\"widget\" data-widget_type=\"text-editor.default\">\n\t\t\t\t\t\t\t\t\tP\u00ebr m\u00eb shum\u00eb detaje rreth sh\u00ebrbimeve tona ose p\u00ebr t\u00eb nisur nj\u00eb bashk\u00ebpunim, kontaktoni ekipin ton\u00eb sot!\t\t\t\t\t\t\t\t<\/div>\n\t\t\t\t<div class=\"elementor-element elementor-element-3d15b633 elementor-widget elementor-widget-button\" data-id=\"3d15b633\" data-element_type=\"widget\" data-e-type=\"widget\" data-widget_type=\"button.default\">\n\t\t\t\t\t\t\t\t\t\t<a class=\"elementor-button elementor-button-link elementor-size-sm\" href=\"https:\/\/koshnica-axh.com\/sq\/contact\/\">\n\t\t\t\t\t\t<span class=\"elementor-button-content-wrapper\">\n\t\t\t\t\t\t\t\t\t<span class=\"elementor-button-text\">Na Kontaktoni<\/span>\n\t\t\t\t\t<\/span>\n\t\t\t\t\t<\/a>\n\t\t\t\t\t\t\t\t<\/div>\n\t\t\t\t\t<\/div>\n\t\t\t\t<\/div>\n\t\t\t\t<\/div>","protected":false},"excerpt":{"rendered":"<p>Vila Rrashbull Built By Koshnica A&amp;XH Vila Rrashbull: Modern Elegance in Harmony with Nature\u00a0 \u2014 built by Koshnica A&amp;XH Project details: Built by: Koshnica A&amp;XH Year of completion: 2024 Location:\u00a0Rrashbull,\u00a0Durr\u00ebs\u00a0Albania Total area: 300 m\u00b2 Vila Rrashbull: Modern Elegance in Harmony with Nature A contemporary residence blending minimalist aesthetics, premium materials, and a tranquil landscape to [&hellip;]<\/p>\n","protected":false},"author":1,"featured_media":0,"parent":0,"menu_order":0,"comment_status":"closed","ping_status":"closed","template":"","meta":{"footnotes":""},"class_list":["post-1249","page","type-page","status-publish","hentry"],"yoast_head":"<!-- This site is optimized with the Yoast SEO plugin v27.2 - https:\/\/yoast.com\/product\/yoast-seo-wordpress\/ -->\n<title>Vila Rrashbull - koshnica-axh.com<\/title>\n<meta name=\"robots\" content=\"index, follow, max-snippet:-1, max-image-preview:large, max-video-preview:-1\" \/>\n<link rel=\"canonical\" href=\"https:\/\/koshnica-axh.com\/sq\/vila-rrashbull\/\" \/>\n<meta property=\"og:locale\" content=\"sq_AL\" \/>\n<meta property=\"og:type\" content=\"article\" \/>\n<meta property=\"og:title\" content=\"Vila Rrashbull - koshnica-axh.com\" \/>\n<meta property=\"og:description\" content=\"Vila Rrashbull Built By Koshnica A&amp;XH Vila Rrashbull: Modern Elegance in Harmony with Nature\u00a0 \u2014 built by Koshnica A&amp;XH Project details: Built by: Koshnica A&amp;XH Year of completion: 2024 Location:\u00a0Rrashbull,\u00a0Durr\u00ebs\u00a0Albania Total area: 300 m\u00b2 Vila Rrashbull: Modern Elegance in Harmony with Nature A contemporary residence blending minimalist aesthetics, premium materials, and a tranquil landscape to [&hellip;]\" \/>\n<meta property=\"og:url\" content=\"https:\/\/koshnica-axh.com\/sq\/vila-rrashbull\/\" \/>\n<meta property=\"og:site_name\" content=\"koshnica-axh.com\" \/>\n<meta property=\"article:modified_time\" content=\"2025-12-11T15:06:22+00:00\" \/>\n<meta name=\"twitter:card\" content=\"summary_large_image\" \/>\n<meta name=\"twitter:label1\" content=\"Est. reading time\" \/>\n\t<meta name=\"twitter:data1\" content=\"1 minut\u00eb\" \/>\n<script type=\"application\/ld+json\" class=\"yoast-schema-graph\">{\"@context\":\"https:\/\/schema.org\",\"@graph\":[{\"@type\":\"WebPage\",\"@id\":\"https:\/\/koshnica-axh.com\/vila-rrashbull\/\",\"url\":\"https:\/\/koshnica-axh.com\/vila-rrashbull\/\",\"name\":\"Vila Rrashbull - koshnica-axh.com\",\"isPartOf\":{\"@id\":\"https:\/\/koshnica-axh.com\/#website\"},\"datePublished\":\"2025-11-24T11:03:18+00:00\",\"dateModified\":\"2025-12-11T15:06:22+00:00\",\"breadcrumb\":{\"@id\":\"https:\/\/koshnica-axh.com\/vila-rrashbull\/#breadcrumb\"},\"inLanguage\":\"sq\",\"potentialAction\":[{\"@type\":\"ReadAction\",\"target\":[\"https:\/\/koshnica-axh.com\/vila-rrashbull\/\"]}]},{\"@type\":\"BreadcrumbList\",\"@id\":\"https:\/\/koshnica-axh.com\/vila-rrashbull\/#breadcrumb\",\"itemListElement\":[{\"@type\":\"ListItem\",\"position\":1,\"name\":\"Home\",\"item\":\"https:\/\/koshnica-axh.com\/\"},{\"@type\":\"ListItem\",\"position\":2,\"name\":\"Vila Rrashbull\"}]},{\"@type\":\"WebSite\",\"@id\":\"https:\/\/koshnica-axh.com\/#website\",\"url\":\"https:\/\/koshnica-axh.com\/\",\"name\":\"koshnica-axh.com\",\"description\":\"\",\"publisher\":{\"@id\":\"https:\/\/koshnica-axh.com\/#organization\"},\"potentialAction\":[{\"@type\":\"SearchAction\",\"target\":{\"@type\":\"EntryPoint\",\"urlTemplate\":\"https:\/\/koshnica-axh.com\/?s={search_term_string}\"},\"query-input\":{\"@type\":\"PropertyValueSpecification\",\"valueRequired\":true,\"valueName\":\"search_term_string\"}}],\"inLanguage\":\"sq\"},{\"@type\":\"Organization\",\"@id\":\"https:\/\/koshnica-axh.com\/#organization\",\"name\":\"koshnica-axh.com\",\"url\":\"https:\/\/koshnica-axh.com\/\",\"logo\":{\"@type\":\"ImageObject\",\"inLanguage\":\"sq\",\"@id\":\"https:\/\/koshnica-axh.com\/#\/schema\/logo\/image\/\",\"url\":\"https:\/\/koshnica-axh.com\/wp-content\/uploads\/2025\/10\/Koshnica-New-Logo-Social-Edited-e1762443736903.png\",\"contentUrl\":\"https:\/\/koshnica-axh.com\/wp-content\/uploads\/2025\/10\/Koshnica-New-Logo-Social-Edited-e1762443736903.png\",\"width\":668,\"height\":364,\"caption\":\"koshnica-axh.com\"},\"image\":{\"@id\":\"https:\/\/koshnica-axh.com\/#\/schema\/logo\/image\/\"}}]}<\/script>\n<!-- \/ Yoast SEO plugin. -->","yoast_head_json":{"title":"Vila Rrashbull - koshnica-axh.com","robots":{"index":"index","follow":"follow","max-snippet":"max-snippet:-1","max-image-preview":"max-image-preview:large","max-video-preview":"max-video-preview:-1"},"canonical":"https:\/\/koshnica-axh.com\/sq\/vila-rrashbull\/","og_locale":"sq_AL","og_type":"article","og_title":"Vila Rrashbull - koshnica-axh.com","og_description":"Vila Rrashbull Built By Koshnica A&amp;XH Vila Rrashbull: Modern Elegance in Harmony with Nature\u00a0 \u2014 built by Koshnica A&amp;XH Project details: Built by: Koshnica A&amp;XH Year of completion: 2024 Location:\u00a0Rrashbull,\u00a0Durr\u00ebs\u00a0Albania Total area: 300 m\u00b2 Vila Rrashbull: Modern Elegance in Harmony with Nature A contemporary residence blending minimalist aesthetics, premium materials, and a tranquil landscape to [&hellip;]","og_url":"https:\/\/koshnica-axh.com\/sq\/vila-rrashbull\/","og_site_name":"koshnica-axh.com","article_modified_time":"2025-12-11T15:06:22+00:00","twitter_card":"summary_large_image","twitter_misc":{"Est. reading time":"1 minut\u00eb"},"schema":{"@context":"https:\/\/schema.org","@graph":[{"@type":"WebPage","@id":"https:\/\/koshnica-axh.com\/vila-rrashbull\/","url":"https:\/\/koshnica-axh.com\/vila-rrashbull\/","name":"Vila Rrashbull - koshnica-axh.com","isPartOf":{"@id":"https:\/\/koshnica-axh.com\/#website"},"datePublished":"2025-11-24T11:03:18+00:00","dateModified":"2025-12-11T15:06:22+00:00","breadcrumb":{"@id":"https:\/\/koshnica-axh.com\/vila-rrashbull\/#breadcrumb"},"inLanguage":"sq","potentialAction":[{"@type":"ReadAction","target":["https:\/\/koshnica-axh.com\/vila-rrashbull\/"]}]},{"@type":"BreadcrumbList","@id":"https:\/\/koshnica-axh.com\/vila-rrashbull\/#breadcrumb","itemListElement":[{"@type":"ListItem","position":1,"name":"Home","item":"https:\/\/koshnica-axh.com\/"},{"@type":"ListItem","position":2,"name":"Vila Rrashbull"}]},{"@type":"WebSite","@id":"https:\/\/koshnica-axh.com\/#website","url":"https:\/\/koshnica-axh.com\/","name":"koshnica-axh.com","description":"","publisher":{"@id":"https:\/\/koshnica-axh.com\/#organization"},"potentialAction":[{"@type":"SearchAction","target":{"@type":"EntryPoint","urlTemplate":"https:\/\/koshnica-axh.com\/?s={search_term_string}"},"query-input":{"@type":"PropertyValueSpecification","valueRequired":true,"valueName":"search_term_string"}}],"inLanguage":"sq"},{"@type":"Organization","@id":"https:\/\/koshnica-axh.com\/#organization","name":"koshnica-axh.com","url":"https:\/\/koshnica-axh.com\/","logo":{"@type":"ImageObject","inLanguage":"sq","@id":"https:\/\/koshnica-axh.com\/#\/schema\/logo\/image\/","url":"https:\/\/koshnica-axh.com\/wp-content\/uploads\/2025\/10\/Koshnica-New-Logo-Social-Edited-e1762443736903.png","contentUrl":"https:\/\/koshnica-axh.com\/wp-content\/uploads\/2025\/10\/Koshnica-New-Logo-Social-Edited-e1762443736903.png","width":668,"height":364,"caption":"koshnica-axh.com"},"image":{"@id":"https:\/\/koshnica-axh.com\/#\/schema\/logo\/image\/"}}]}},"_hostinger_reach_plugin_has_subscription_block":false,"_hostinger_reach_plugin_is_elementor":false,"_links":{"self":[{"href":"https:\/\/koshnica-axh.com\/sq\/wp-json\/wp\/v2\/pages\/1249","targetHints":{"allow":["GET"]}}],"collection":[{"href":"https:\/\/koshnica-axh.com\/sq\/wp-json\/wp\/v2\/pages"}],"about":[{"href":"https:\/\/koshnica-axh.com\/sq\/wp-json\/wp\/v2\/types\/page"}],"author":[{"embeddable":true,"href":"https:\/\/koshnica-axh.com\/sq\/wp-json\/wp\/v2\/users\/1"}],"replies":[{"embeddable":true,"href":"https:\/\/koshnica-axh.com\/sq\/wp-json\/wp\/v2\/comments?post=1249"}],"version-history":[{"count":19,"href":"https:\/\/koshnica-axh.com\/sq\/wp-json\/wp\/v2\/pages\/1249\/revisions"}],"predecessor-version":[{"id":1861,"href":"https:\/\/koshnica-axh.com\/sq\/wp-json\/wp\/v2\/pages\/1249\/revisions\/1861"}],"wp:attachment":[{"href":"https:\/\/koshnica-axh.com\/sq\/wp-json\/wp\/v2\/media?parent=1249"}],"curies":[{"name":"wp","href":"https:\/\/api.w.org\/{rel}","templated":true}]}}